{"id":784,"date":"2020-10-05T22:35:45","date_gmt":"2020-10-05T22:35:45","guid":{"rendered":"http:\/\/ecp-h.com\/?page_id=784"},"modified":"2020-10-05T22:38:23","modified_gmt":"2020-10-05T22:38:23","slug":"mordazas","status":"publish","type":"page","link":"https:\/\/ecp-h.com\/index.php\/mordazas\/","title":{"rendered":"Mordazas"},"content":{"rendered":"\t\t<div data-elementor-type=\"wp-page\" data-elementor-id=\"784\" class=\"elementor elementor-784\" data-elementor-settings=\"[]\">\n\t\t\t\t\t\t<div class=\"elementor-inner\">\n\t\t\t\t\t\t\t<div class=\"elementor-section-wrap\">\n\t\t\t\t\t\t\t<section class=\"elementor-section elementor-top-section elementor-element elementor-element-75d629cb elementor-section-boxed elementor-section-height-default elementor-section-height-default\" data-id=\"75d629cb\" data-element_type=\"section\">\n\t\t\t\t\t\t<div class=\"elementor-container elementor-column-gap-default\">\n\t\t\t\t\t\t\t<div class=\"elementor-row\">\n\t\t\t\t\t<div class=\"elementor-column elementor-col-100 elementor-top-column elementor-element elementor-element-59a74186\" data-id=\"59a74186\" data-element_type=\"column\">\n\t\t\t<div class=\"elementor-column-wrap elementor-element-populated\">\n\t\t\t\t\t\t\t<div class=\"elementor-widget-wrap\">\n\t\t\t\t\t\t<div class=\"elementor-element elementor-element-104b1446 elementor-widget-divider--view-line_text elementor-widget-divider--element-align-center elementor-widget elementor-widget-divider\" data-id=\"104b1446\" data-element_type=\"widget\" data-widget_type=\"divider.default\">\n\t\t\t\t<div class=\"elementor-widget-container\">\n\t\t\t\t\t<div class=\"elementor-divider\">\n\t\t\t<span class=\"elementor-divider-separator\">\n\t\t\t\t\t\t\t<span class=\"elementor-divider__text elementor-divider__element\">MORDAZAS<\/span>\n\t\t\t\t\t\t<\/span>\n\t\t<\/div>\n\t\t\t\t<\/div>\n\t\t\t\t<\/div>\n\t\t\t\t\t\t<\/div>\n\t\t\t\t\t<\/div>\n\t\t<\/div>\n\t\t\t\t\t\t\t\t<\/div>\n\t\t\t\t\t<\/div>\n\t\t<\/section>\n\t\t\t\t<section class=\"elementor-section elementor-top-section elementor-element elementor-element-6b896974 elementor-section-content-middle elementor-section-boxed elementor-section-height-default elementor-section-height-default\" data-id=\"6b896974\" data-element_type=\"section\">\n\t\t\t\t\t\t<div class=\"elementor-container elementor-column-gap-no\">\n\t\t\t\t\t\t\t<div class=\"elementor-row\">\n\t\t\t\t\t<div class=\"elementor-column elementor-col-50 elementor-top-column elementor-element elementor-element-61f68c6\" data-id=\"61f68c6\" data-element_type=\"column\">\n\t\t\t<div class=\"elementor-column-wrap elementor-element-populated\">\n\t\t\t\t\t\t\t<div class=\"elementor-widget-wrap\">\n\t\t\t\t\t\t<div class=\"elementor-element elementor-element-5ad3db19 elementor-skin-slideshow elementor-aspect-ratio-169 elementor-arrows-yes elementor-widget elementor-widget-media-carousel\" data-id=\"5ad3db19\" data-element_type=\"widget\" data-settings=\"{&quot;space_between&quot;:{&quot;unit&quot;:&quot;px&quot;,&quot;size&quot;:8,&quot;sizes&quot;:[]},&quot;skin&quot;:&quot;slideshow&quot;,&quot;effect&quot;:&quot;slide&quot;,&quot;show_arrows&quot;:&quot;yes&quot;,&quot;speed&quot;:500,&quot;autoplay&quot;:&quot;yes&quot;,&quot;autoplay_speed&quot;:5000,&quot;loop&quot;:&quot;yes&quot;,&quot;pause_on_hover&quot;:&quot;yes&quot;,&quot;pause_on_interaction&quot;:&quot;yes&quot;,&quot;space_between_tablet&quot;:{&quot;unit&quot;:&quot;px&quot;,&quot;size&quot;:10,&quot;sizes&quot;:[]},&quot;space_between_mobile&quot;:{&quot;unit&quot;:&quot;px&quot;,&quot;size&quot;:10,&quot;sizes&quot;:[]}}\" data-widget_type=\"media-carousel.default\">\n\t\t\t\t<div class=\"elementor-widget-container\">\n\t\t\t\t\t<div class=\"elementor-swiper\">\n\t\t\t<div class=\"elementor-main-swiper swiper-container\">\n\t\t\t\t<div class=\"swiper-wrapper\">\n\t\t\t\t\t\t\t\t\t\t\t<div class=\"swiper-slide\">\n\t\t\t\t\t\t\t\t\t<div class=\"elementor-carousel-image\" style=\"background-image: url(https:\/\/ecp-h.com\/wp-content\/uploads\/2020\/10\/AIG396060.jpg)\">\n\t\t\t\t\t<\/div>\n\t\t\t\t\t\t\t\t<\/div>\n\t\t\t\t\t\t\t\t\t\t\t<div class=\"swiper-slide\">\n\t\t\t\t\t\t\t\t\t<div class=\"elementor-carousel-image\" style=\"background-image: url(https:\/\/ecp-h.com\/wp-content\/uploads\/2020\/10\/TBL_plus.jpg)\">\n\t\t\t\t\t<\/div>\n\t\t\t\t\t\t\t\t<\/div>\n\t\t\t\t\t\t\t\t\t\t\t<div class=\"swiper-slide\">\n\t\t\t\t\t\t\t\t\t<div class=\"elementor-carousel-image\" style=\"background-image: url(https:\/\/ecp-h.com\/wp-content\/uploads\/2020\/10\/61XdSWovR0L._A-1.jpg)\">\n\t\t\t\t\t<\/div>\n\t\t\t\t\t\t\t\t<\/div>\n\t\t\t\t\t\t\t\t\t<\/div>\n\t\t\t\t\t\t\t\t\t\t\t\t\t\t\t\t\t\t\t\t<div class=\"elementor-swiper-button elementor-swiper-button-prev\">\n\t\t\t\t\t\t\t<i class=\"eicon-chevron-left\" aria-hidden=\"true\"><\/i>\n\t\t\t\t\t\t\t<span class=\"elementor-screen-only\">Previous<\/span>\n\t\t\t\t\t\t<\/div>\n\t\t\t\t\t\t<div class=\"elementor-swiper-button elementor-swiper-button-next\">\n\t\t\t\t\t\t\t<i class=\"eicon-chevron-right\" aria-hidden=\"true\"><\/i>\n\t\t\t\t\t\t\t<span class=\"elementor-screen-only\">Next<\/span>\n\t\t\t\t\t\t<\/div>\n\t\t\t\t\t\t\t\t\t\t\t\t<\/div>\n\t\t<\/div>\n\t\t\t\t<div class=\"elementor-swiper\">\n\t\t\t<div class=\"elementor-thumbnails-swiper swiper-container\">\n\t\t\t\t<div class=\"swiper-wrapper\">\n\t\t\t\t\t\t\t\t\t\t\t<div class=\"swiper-slide\">\n\t\t\t\t\t\t\t\t\t<div class=\"elementor-fit-aspect-ratio elementor-carousel-image\" style=\"background-image: url(https:\/\/ecp-h.com\/wp-content\/uploads\/2020\/10\/AIG396060.jpg)\">\n\t\t\t\t\t<\/div>\n\t\t\t\t\t\t\t\t<\/div>\n\t\t\t\t\t\t\t\t\t\t\t<div class=\"swiper-slide\">\n\t\t\t\t\t\t\t\t\t<div class=\"elementor-fit-aspect-ratio elementor-carousel-image\" style=\"background-image: url(https:\/\/ecp-h.com\/wp-content\/uploads\/2020\/10\/TBL_plus.jpg)\">\n\t\t\t\t\t<\/div>\n\t\t\t\t\t\t\t\t<\/div>\n\t\t\t\t\t\t\t\t\t\t\t<div class=\"swiper-slide\">\n\t\t\t\t\t\t\t\t\t<div class=\"elementor-fit-aspect-ratio elementor-carousel-image\" style=\"background-image: url(https:\/\/ecp-h.com\/wp-content\/uploads\/2020\/10\/61XdSWovR0L._A-1.jpg)\">\n\t\t\t\t\t<\/div>\n\t\t\t\t\t\t\t\t<\/div>\n\t\t\t\t\t\t\t\t\t<\/div>\n\t\t\t\t\t\t\t\t\t\t\t\t\t\t\t\t\t\t\t\t\t<\/div>\n\t\t<\/div>\n\t\t\t\t<\/div>\n\t\t\t\t<\/div>\n\t\t\t\t\t\t<\/div>\n\t\t\t\t\t<\/div>\n\t\t<\/div>\n\t\t\t\t<div class=\"elementor-column elementor-col-50 elementor-top-column elementor-element elementor-element-367c5988\" data-id=\"367c5988\" data-element_type=\"column\">\n\t\t\t<div class=\"elementor-column-wrap elementor-element-populated\">\n\t\t\t\t\t\t\t<div class=\"elementor-widget-wrap\">\n\t\t\t\t\t\t<div class=\"elementor-element elementor-element-31ed0ca2 elementor-widget elementor-widget-text-editor\" data-id=\"31ed0ca2\" data-element_type=\"widget\" data-widget_type=\"text-editor.default\">\n\t\t\t\t<div class=\"elementor-widget-container\">\n\t\t\t\t\t<div class=\"elementor-text-editor elementor-clearfix\"><p>Es una pinza principalmente para el transporte de chapas individuales de metal o placas de acero en posici\u00f3n vertical, as\u00ed como su elevaci\u00f3n y rotaci\u00f3n de hasta 180\u00b0. Esta pinza puede ser tambi\u00e9n usada en transporte de construcciones de acero y perfiles. La mordaza puede abrirse y cerrarse con la palanca de bloqueo. El cierre de seguridad bloquea el muelle, evitando que la pinza se abra incluso cuando no soporta la carga.<\/p><\/div>\n\t\t\t\t<\/div>\n\t\t\t\t<\/div>\n\t\t\t\t\t\t<\/div>\n\t\t\t\t\t<\/div>\n\t\t<\/div>\n\t\t\t\t\t\t\t\t<\/div>\n\t\t\t\t\t<\/div>\n\t\t<\/section>\n\t\t\t\t<section class=\"elementor-section elementor-top-section elementor-element elementor-element-8956c24 elementor-section-full_width elementor-section-height-default elementor-section-height-default\" data-id=\"8956c24\" data-element_type=\"section\" data-settings=\"{&quot;background_background&quot;:&quot;classic&quot;}\">\n\t\t\t\t\t\t<div class=\"elementor-container elementor-column-gap-no\">\n\t\t\t\t\t\t\t<div class=\"elementor-row\">\n\t\t\t\t\t<div class=\"elementor-column elementor-col-100 elementor-top-column elementor-element elementor-element-1c4b28ca\" data-id=\"1c4b28ca\" data-element_type=\"column\">\n\t\t\t<div class=\"elementor-column-wrap elementor-element-populated\">\n\t\t\t\t\t\t\t<div class=\"elementor-widget-wrap\">\n\t\t\t\t\t\t<div class=\"elementor-element elementor-element-21c79fc6 elementor-widget elementor-widget-google_maps\" data-id=\"21c79fc6\" data-element_type=\"widget\" data-widget_type=\"google_maps.default\">\n\t\t\t\t<div class=\"elementor-widget-container\">\n\t\t\t<div class=\"elementor-custom-embed\"><iframe frameborder=\"0\" scrolling=\"no\" marginheight=\"0\" marginwidth=\"0\" src=\"https:\/\/maps.google.com\/maps?q=Manuel%20Ca%C3%B1as%2086%2C%20Sta%20Cruz%20Meyehualco%2C%20Iztapalapa%2C%2009700%20Ciudad%20de%20M%C3%A9xico%2C%20CDMX&amp;t=m&amp;z=15&amp;output=embed&amp;iwloc=near\" title=\"Manuel Ca\u00f1as 86, Sta Cruz Meyehualco, Iztapalapa, 09700 Ciudad de M\u00e9xico, CDMX\" aria-label=\"Manuel Ca\u00f1as 86, Sta Cruz Meyehualco, Iztapalapa, 09700 Ciudad de M\u00e9xico, CDMX\"><\/iframe><\/div>\t\t<\/div>\n\t\t\t\t<\/div>\n\t\t\t\t<section class=\"elementor-section elementor-inner-section elementor-element elementor-element-75e178c8 elementor-section-content-middle elementor-section-boxed elementor-section-height-default elementor-section-height-default\" data-id=\"75e178c8\" data-element_type=\"section\">\n\t\t\t\t\t\t<div class=\"elementor-container elementor-column-gap-no\">\n\t\t\t\t\t\t\t<div class=\"elementor-row\">\n\t\t\t\t\t<div class=\"elementor-column elementor-col-33 elementor-inner-column elementor-element elementor-element-6da2481b\" data-id=\"6da2481b\" data-element_type=\"column\">\n\t\t\t<div class=\"elementor-column-wrap elementor-element-populated\">\n\t\t\t\t\t\t\t<div class=\"elementor-widget-wrap\">\n\t\t\t\t\t\t<div class=\"elementor-element elementor-element-30f6ac5a elementor-widget elementor-widget-heading\" data-id=\"30f6ac5a\" data-element_type=\"widget\" data-widget_type=\"heading.default\">\n\t\t\t\t<div class=\"elementor-widget-container\">\n\t\t\t<h6 class=\"elementor-heading-title elementor-size-default\">Ubicaci\u00f3n<\/h6>\t\t<\/div>\n\t\t\t\t<\/div>\n\t\t\t\t<div class=\"elementor-element elementor-element-94cf4a3 elementor-widget elementor-widget-text-editor\" data-id=\"94cf4a3\" data-element_type=\"widget\" data-widget_type=\"text-editor.default\">\n\t\t\t\t<div class=\"elementor-widget-container\">\n\t\t\t\t\t<div class=\"elementor-text-editor elementor-clearfix\"><p>Manuel Ca\u00f1as 80, Pueblo Santa Cruz Meyehualco 09700, CDMX<\/p><\/div>\n\t\t\t\t<\/div>\n\t\t\t\t<\/div>\n\t\t\t\t\t\t<\/div>\n\t\t\t\t\t<\/div>\n\t\t<\/div>\n\t\t\t\t<div class=\"elementor-column elementor-col-33 elementor-inner-column elementor-element elementor-element-47844b10\" data-id=\"47844b10\" data-element_type=\"column\">\n\t\t\t<div class=\"elementor-column-wrap elementor-element-populated\">\n\t\t\t\t\t\t\t<div class=\"elementor-widget-wrap\">\n\t\t\t\t\t\t<div class=\"elementor-element elementor-element-4d7d25f5 elementor-widget elementor-widget-heading\" data-id=\"4d7d25f5\" data-element_type=\"widget\" data-widget_type=\"heading.default\">\n\t\t\t\t<div class=\"elementor-widget-container\">\n\t\t\t<h6 class=\"elementor-heading-title elementor-size-default\">Horario<\/h6>\t\t<\/div>\n\t\t\t\t<\/div>\n\t\t\t\t<div class=\"elementor-element elementor-element-4ea8fd67 elementor-widget elementor-widget-text-editor\" data-id=\"4ea8fd67\" data-element_type=\"widget\" data-widget_type=\"text-editor.default\">\n\t\t\t\t<div class=\"elementor-widget-container\">\n\t\t\t\t\t<div class=\"elementor-text-editor elementor-clearfix\"><p>8:30 &#8211; 18.30\u00a0<br \/>Lunes-Viernes<\/p><\/div>\n\t\t\t\t<\/div>\n\t\t\t\t<\/div>\n\t\t\t\t\t\t<\/div>\n\t\t\t\t\t<\/div>\n\t\t<\/div>\n\t\t\t\t<div class=\"elementor-column elementor-col-33 elementor-inner-column elementor-element elementor-element-4147f7c2\" data-id=\"4147f7c2\" data-element_type=\"column\">\n\t\t\t<div class=\"elementor-column-wrap elementor-element-populated\">\n\t\t\t\t\t\t\t<div class=\"elementor-widget-wrap\">\n\t\t\t\t\t\t<div class=\"elementor-element elementor-element-ac2dee5 elementor-widget elementor-widget-heading\" data-id=\"ac2dee5\" data-element_type=\"widget\" data-widget_type=\"heading.default\">\n\t\t\t\t<div class=\"elementor-widget-container\">\n\t\t\t<h6 class=\"elementor-heading-title elementor-size-default\">Cont\u00e1ctanos<\/h6>\t\t<\/div>\n\t\t\t\t<\/div>\n\t\t\t\t<div class=\"elementor-element elementor-element-2994bccd elementor-widget elementor-widget-text-editor\" data-id=\"2994bccd\" data-element_type=\"widget\" data-widget_type=\"text-editor.default\">\n\t\t\t\t<div class=\"elementor-widget-container\">\n\t\t\t\t\t<div class=\"elementor-text-editor elementor-clearfix\"><p>Tel\u00e9fono: +52 4433990478<br \/>Email: jlpo@att.net.mx<\/p><\/div>\n\t\t\t\t<\/div>\n\t\t\t\t<\/div>\n\t\t\t\t\t\t<\/div>\n\t\t\t\t\t<\/div>\n\t\t<\/div>\n\t\t\t\t\t\t\t\t<\/div>\n\t\t\t\t\t<\/div>\n\t\t<\/section>\n\t\t\t\t<div class=\"elementor-element elementor-element-1e4f3cbd elementor-shape-rounded elementor-grid-0 elementor-widget elementor-widget-social-icons\" data-id=\"1e4f3cbd\" data-element_type=\"widget\" data-widget_type=\"social-icons.default\">\n\t\t\t\t<div class=\"elementor-widget-container\">\n\t\t\t\t\t<div class=\"elementor-social-icons-wrapper elementor-grid\">\n\t\t\t\t\t\t\t<div class=\"elementor-grid-item\">\n\t\t\t\t\t<a class=\"elementor-icon elementor-social-icon elementor-social-icon-facebook-f elementor-animation-grow elementor-repeater-item-9c86cde\" href=\"https:\/\/www.facebook.com\/Gr%C3%BAas-Viajeras-y-Polipastos-Electrificaciones-y-Carga-P-H-SA-de-CV-108443294224346\" target=\"_blank\">\n\t\t\t\t\t\t<span class=\"elementor-screen-only\">Facebook-f<\/span>\n\t\t\t\t\t\t<i class=\"fab fa-facebook-f\"><\/i>\t\t\t\t\t<\/a>\n\t\t\t\t<\/div>\n\t\t\t\t\t\t\t<div class=\"elementor-grid-item\">\n\t\t\t\t\t<a class=\"elementor-icon elementor-social-icon elementor-social-icon-linkedin elementor-animation-grow elementor-repeater-item-7e7b030\" href=\"https:\/\/www.linkedin.com\/in\/electrificaciones-y-carga-p-h-s-a-de-c-v-97b28b133\" target=\"_blank\">\n\t\t\t\t\t\t<span class=\"elementor-screen-only\">Linkedin<\/span>\n\t\t\t\t\t\t<i class=\"fab fa-linkedin\"><\/i>\t\t\t\t\t<\/a>\n\t\t\t\t<\/div>\n\t\t\t\t\t<\/div>\n\t\t\t\t<\/div>\n\t\t\t\t<\/div>\n\t\t\t\t\t\t<\/div>\n\t\t\t\t\t<\/div>\n\t\t<\/div>\n\t\t\t\t\t\t\t\t<\/div>\n\t\t\t\t\t<\/div>\n\t\t<\/section>\n\t\t\t\t\t\t<\/div>\n\t\t\t\t\t\t<\/div>\n\t\t\t\t\t<\/div>\n\t\t","protected":false},"excerpt":{"rendered":"<p>MORDAZAS Previous Next Es una pinza principalmente para el transporte de chapas individuales de metal o placas de acero en posici\u00f3n vertical, as\u00ed como su elevaci\u00f3n y rotaci\u00f3n de hasta 180\u00b0. Esta pinza puede ser tambi\u00e9n usada en transporte de construcciones de acero y perfiles. La mordaza puede abrirse y cerrarse con la palanca de &hellip;<\/p>\n<p class=\"read-more\"> <a class=\"\" href=\"https:\/\/ecp-h.com\/index.php\/mordazas\/\"> <span class=\"screen-reader-text\">Mordazas<\/span> Leer m\u00e1s &raquo;<\/a><\/p>\n","protected":false},"author":1,"featured_media":0,"parent":0,"menu_order":0,"comment_status":"closed","ping_status":"closed","template":"","meta":{"om_disable_all_campaigns":false,"_monsterinsights_skip_tracking":false,"_monsterinsights_sitenote_active":false,"_monsterinsights_sitenote_note":"","_monsterinsights_sitenote_category":0,"footnotes":""},"class_list":["post-784","page","type-page","status-publish","hentry"],"aioseo_notices":[],"yoast_head":"<!-- This site is optimized with the Yoast SEO plugin v17.3 - https:\/\/yoast.com\/wordpress\/plugins\/seo\/ -->\n<title>Mordazas - Electrificaciones y Carga P-H, S.A. de C.V.<\/title>\n<meta name=\"robots\" content=\"index, follow, max-snippet:-1, max-image-preview:large, max-video-preview:-1\" \/>\n<link rel=\"canonical\" href=\"https:\/\/ecp-h.com\/index.php\/mordazas\/\" \/>\n<meta property=\"og:locale\" content=\"es_MX\" \/>\n<meta property=\"og:type\" content=\"article\" \/>\n<meta property=\"og:title\" content=\"Mordazas - Electrificaciones y Carga P-H, S.A. de C.V.\" \/>\n<meta property=\"og:description\" content=\"MORDAZAS Previous Next Es una pinza principalmente para el transporte de chapas individuales de metal o placas de acero en posici\u00f3n vertical, as\u00ed como su elevaci\u00f3n y rotaci\u00f3n de hasta 180\u00b0. Esta pinza puede ser tambi\u00e9n usada en transporte de construcciones de acero y perfiles. La mordaza puede abrirse y cerrarse con la palanca de &hellip; Mordazas Leer m\u00e1s &raquo;\" \/>\n<meta property=\"og:url\" content=\"https:\/\/ecp-h.com\/index.php\/mordazas\/\" \/>\n<meta property=\"og:site_name\" content=\"Electrificaciones y Carga P-H, S.A. de C.V.\" \/>\n<meta property=\"article:publisher\" content=\"https:\/\/www.facebook.com\/Gr%c3%baas-Viajeras-y-Polipastos-Electrificaciones-y-Carga-P-H-SA-de-CV-108443294224346\" \/>\n<meta property=\"article:modified_time\" content=\"2020-10-05T22:38:23+00:00\" \/>\n<meta property=\"og:image\" content=\"https:\/\/ecp-h.com\/wp-content\/uploads\/2020\/10\/logosinfondo.jpg\" \/>\n\t<meta property=\"og:image:width\" content=\"1980\" \/>\n\t<meta property=\"og:image:height\" content=\"1302\" \/>\n<meta name=\"twitter:card\" content=\"summary_large_image\" \/>\n<meta name=\"twitter:label1\" content=\"Tiempo de lectura\" \/>\n\t<meta name=\"twitter:data1\" content=\"1 minuto\" \/>\n<script type=\"application\/ld+json\" class=\"yoast-schema-graph\">{\"@context\":\"https:\/\/schema.org\",\"@graph\":[{\"@type\":\"Organization\",\"@id\":\"https:\/\/ecp-h.com\/#organization\",\"name\":\"Electrificaciones y Carga P-H, S.A. de C.V.\",\"url\":\"https:\/\/ecp-h.com\/\",\"sameAs\":[\"https:\/\/www.facebook.com\/Gr\\u00faas-Viajeras-y-Polipastos-Electrificaciones-y-Carga-P-H-SA-de-CV-108443294224346\",\"https:\/\/www.linkedin.com\/in\/electrificaciones-y-carga-p-h-s-a-de-c-v-97b28b133\"],\"logo\":{\"@type\":\"ImageObject\",\"@id\":\"https:\/\/ecp-h.com\/#logo\",\"inLanguage\":\"es\",\"url\":\"https:\/\/ecp-h.com\/wp-content\/uploads\/2020\/09\/vertical_y_base_prueba1.jpg\",\"contentUrl\":\"https:\/\/ecp-h.com\/wp-content\/uploads\/2020\/09\/vertical_y_base_prueba1.jpg\",\"width\":396,\"height\":396,\"caption\":\"Electrificaciones y Carga P-H, S.A. de C.V.\"},\"image\":{\"@id\":\"https:\/\/ecp-h.com\/#logo\"}},{\"@type\":\"WebSite\",\"@id\":\"https:\/\/ecp-h.com\/#website\",\"url\":\"https:\/\/ecp-h.com\/\",\"name\":\"Electrificaciones y Carga P-H, S.A. de C.V.\",\"description\":\"Gr\\u00faas VIajeras y Polipastos\",\"publisher\":{\"@id\":\"https:\/\/ecp-h.com\/#organization\"},\"potentialAction\":[{\"@type\":\"SearchAction\",\"target\":{\"@type\":\"EntryPoint\",\"urlTemplate\":\"https:\/\/ecp-h.com\/?s={search_term_string}\"},\"query-input\":\"required name=search_term_string\"}],\"inLanguage\":\"es\"},{\"@type\":\"WebPage\",\"@id\":\"https:\/\/ecp-h.com\/index.php\/mordazas\/#webpage\",\"url\":\"https:\/\/ecp-h.com\/index.php\/mordazas\/\",\"name\":\"Mordazas - Electrificaciones y Carga P-H, S.A. de C.V.\",\"isPartOf\":{\"@id\":\"https:\/\/ecp-h.com\/#website\"},\"datePublished\":\"2020-10-05T22:35:45+00:00\",\"dateModified\":\"2020-10-05T22:38:23+00:00\",\"breadcrumb\":{\"@id\":\"https:\/\/ecp-h.com\/index.php\/mordazas\/#breadcrumb\"},\"inLanguage\":\"es\",\"potentialAction\":[{\"@type\":\"ReadAction\",\"target\":[\"https:\/\/ecp-h.com\/index.php\/mordazas\/\"]}]},{\"@type\":\"BreadcrumbList\",\"@id\":\"https:\/\/ecp-h.com\/index.php\/mordazas\/#breadcrumb\",\"itemListElement\":[{\"@type\":\"ListItem\",\"position\":1,\"name\":\"Inicio\",\"item\":\"https:\/\/ecp-h.com\/\"},{\"@type\":\"ListItem\",\"position\":2,\"name\":\"Mordazas\"}]}]}<\/script>\n<!-- \/ Yoast SEO plugin. -->","yoast_head_json":{"title":"Mordazas - Electrificaciones y Carga P-H, S.A. de C.V.","robots":{"index":"index","follow":"follow","max-snippet":"max-snippet:-1","max-image-preview":"max-image-preview:large","max-video-preview":"max-video-preview:-1"},"canonical":"https:\/\/ecp-h.com\/index.php\/mordazas\/","og_locale":"es_MX","og_type":"article","og_title":"Mordazas - Electrificaciones y Carga P-H, S.A. de C.V.","og_description":"MORDAZAS Previous Next Es una pinza principalmente para el transporte de chapas individuales de metal o placas de acero en posici\u00f3n vertical, as\u00ed como su elevaci\u00f3n y rotaci\u00f3n de hasta 180\u00b0. Esta pinza puede ser tambi\u00e9n usada en transporte de construcciones de acero y perfiles. La mordaza puede abrirse y cerrarse con la palanca de &hellip; Mordazas Leer m\u00e1s &raquo;","og_url":"https:\/\/ecp-h.com\/index.php\/mordazas\/","og_site_name":"Electrificaciones y Carga P-H, S.A. de C.V.","article_publisher":"https:\/\/www.facebook.com\/Gr%c3%baas-Viajeras-y-Polipastos-Electrificaciones-y-Carga-P-H-SA-de-CV-108443294224346","article_modified_time":"2020-10-05T22:38:23+00:00","og_image":[{"width":1980,"height":1302,"url":"https:\/\/ecp-h.com\/wp-content\/uploads\/2020\/10\/logosinfondo.jpg","type":"image\/jpeg"}],"twitter_card":"summary_large_image","twitter_misc":{"Tiempo de lectura":"1 minuto"},"schema":{"@context":"https:\/\/schema.org","@graph":[{"@type":"Organization","@id":"https:\/\/ecp-h.com\/#organization","name":"Electrificaciones y Carga P-H, S.A. de C.V.","url":"https:\/\/ecp-h.com\/","sameAs":["https:\/\/www.facebook.com\/Gr\u00faas-Viajeras-y-Polipastos-Electrificaciones-y-Carga-P-H-SA-de-CV-108443294224346","https:\/\/www.linkedin.com\/in\/electrificaciones-y-carga-p-h-s-a-de-c-v-97b28b133"],"logo":{"@type":"ImageObject","@id":"https:\/\/ecp-h.com\/#logo","inLanguage":"es","url":"https:\/\/ecp-h.com\/wp-content\/uploads\/2020\/09\/vertical_y_base_prueba1.jpg","contentUrl":"https:\/\/ecp-h.com\/wp-content\/uploads\/2020\/09\/vertical_y_base_prueba1.jpg","width":396,"height":396,"caption":"Electrificaciones y Carga P-H, S.A. de C.V."},"image":{"@id":"https:\/\/ecp-h.com\/#logo"}},{"@type":"WebSite","@id":"https:\/\/ecp-h.com\/#website","url":"https:\/\/ecp-h.com\/","name":"Electrificaciones y Carga P-H, S.A. de C.V.","description":"Gr\u00faas VIajeras y Polipastos","publisher":{"@id":"https:\/\/ecp-h.com\/#organization"},"potentialAction":[{"@type":"SearchAction","target":{"@type":"EntryPoint","urlTemplate":"https:\/\/ecp-h.com\/?s={search_term_string}"},"query-input":"required name=search_term_string"}],"inLanguage":"es"},{"@type":"WebPage","@id":"https:\/\/ecp-h.com\/index.php\/mordazas\/#webpage","url":"https:\/\/ecp-h.com\/index.php\/mordazas\/","name":"Mordazas - Electrificaciones y Carga P-H, S.A. de C.V.","isPartOf":{"@id":"https:\/\/ecp-h.com\/#website"},"datePublished":"2020-10-05T22:35:45+00:00","dateModified":"2020-10-05T22:38:23+00:00","breadcrumb":{"@id":"https:\/\/ecp-h.com\/index.php\/mordazas\/#breadcrumb"},"inLanguage":"es","potentialAction":[{"@type":"ReadAction","target":["https:\/\/ecp-h.com\/index.php\/mordazas\/"]}]},{"@type":"BreadcrumbList","@id":"https:\/\/ecp-h.com\/index.php\/mordazas\/#breadcrumb","itemListElement":[{"@type":"ListItem","position":1,"name":"Inicio","item":"https:\/\/ecp-h.com\/"},{"@type":"ListItem","position":2,"name":"Mordazas"}]}]}},"jetpack-related-posts":[],"jetpack_shortlink":"https:\/\/wp.me\/PcpRnm-cE","jetpack_sharing_enabled":true,"_links":{"self":[{"href":"https:\/\/ecp-h.com\/index.php\/wp-json\/wp\/v2\/pages\/784"}],"collection":[{"href":"https:\/\/ecp-h.com\/index.php\/wp-json\/wp\/v2\/pages"}],"about":[{"href":"https:\/\/ecp-h.com\/index.php\/wp-json\/wp\/v2\/types\/page"}],"author":[{"embeddable":true,"href":"https:\/\/ecp-h.com\/index.php\/wp-json\/wp\/v2\/users\/1"}],"replies":[{"embeddable":true,"href":"https:\/\/ecp-h.com\/index.php\/wp-json\/wp\/v2\/comments?post=784"}],"version-history":[{"count":3,"href":"https:\/\/ecp-h.com\/index.php\/wp-json\/wp\/v2\/pages\/784\/revisions"}],"predecessor-version":[{"id":792,"href":"https:\/\/ecp-h.com\/index.php\/wp-json\/wp\/v2\/pages\/784\/revisions\/792"}],"wp:attachment":[{"href":"https:\/\/ecp-h.com\/index.php\/wp-json\/wp\/v2\/media?parent=784"}],"curies":[{"name":"wp","href":"https:\/\/api.w.org\/{rel}","templated":true}]}}