{"id":649,"date":"2020-10-02T14:09:03","date_gmt":"2020-10-02T14:09:03","guid":{"rendered":"http:\/\/ecp-h.com\/?page_id=649"},"modified":"2020-10-14T22:10:11","modified_gmt":"2020-10-14T22:10:11","slug":"radio-controles","status":"publish","type":"page","link":"https:\/\/ecp-h.com\/index.php\/radio-controles\/","title":{"rendered":"Radio Control Remoto"},"content":{"rendered":"\t\t<div data-elementor-type=\"wp-page\" data-elementor-id=\"649\" class=\"elementor elementor-649\" data-elementor-settings=\"[]\">\n\t\t\t\t\t\t<div class=\"elementor-inner\">\n\t\t\t\t\t\t\t<div class=\"elementor-section-wrap\">\n\t\t\t\t\t\t\t<section class=\"elementor-section elementor-top-section elementor-element elementor-element-51ae4f30 elementor-section-boxed elementor-section-height-default elementor-section-height-default\" data-id=\"51ae4f30\" data-element_type=\"section\">\n\t\t\t\t\t\t<div class=\"elementor-container elementor-column-gap-default\">\n\t\t\t\t\t\t\t<div class=\"elementor-row\">\n\t\t\t\t\t<div class=\"elementor-column elementor-col-100 elementor-top-column elementor-element elementor-element-1416d0dd\" data-id=\"1416d0dd\" data-element_type=\"column\">\n\t\t\t<div class=\"elementor-column-wrap elementor-element-populated\">\n\t\t\t\t\t\t\t<div class=\"elementor-widget-wrap\">\n\t\t\t\t\t\t<div class=\"elementor-element elementor-element-1c36ae10 elementor-widget-divider--view-line_text elementor-widget-divider--element-align-center elementor-widget elementor-widget-divider\" data-id=\"1c36ae10\" data-element_type=\"widget\" data-widget_type=\"divider.default\">\n\t\t\t\t<div class=\"elementor-widget-container\">\n\t\t\t\t\t<div class=\"elementor-divider\">\n\t\t\t<span class=\"elementor-divider-separator\">\n\t\t\t\t\t\t\t<span class=\"elementor-divider__text elementor-divider__element\">RADIO CONTROL REMOTO<\/span>\n\t\t\t\t\t\t<\/span>\n\t\t<\/div>\n\t\t\t\t<\/div>\n\t\t\t\t<\/div>\n\t\t\t\t\t\t<\/div>\n\t\t\t\t\t<\/div>\n\t\t<\/div>\n\t\t\t\t\t\t\t\t<\/div>\n\t\t\t\t\t<\/div>\n\t\t<\/section>\n\t\t\t\t<section class=\"elementor-section elementor-top-section elementor-element elementor-element-3c3421e elementor-section-content-middle elementor-section-boxed elementor-section-height-default elementor-section-height-default\" data-id=\"3c3421e\" data-element_type=\"section\">\n\t\t\t\t\t\t<div class=\"elementor-container elementor-column-gap-no\">\n\t\t\t\t\t\t\t<div class=\"elementor-row\">\n\t\t\t\t\t<div class=\"elementor-column elementor-col-100 elementor-top-column elementor-element elementor-element-7ae20402\" data-id=\"7ae20402\" data-element_type=\"column\">\n\t\t\t<div class=\"elementor-column-wrap elementor-element-populated\">\n\t\t\t\t\t\t\t<div class=\"elementor-widget-wrap\">\n\t\t\t\t\t\t<section class=\"elementor-section elementor-inner-section elementor-element elementor-element-1faed71a elementor-section-content-middle elementor-section-boxed elementor-section-height-default elementor-section-height-default\" data-id=\"1faed71a\" data-element_type=\"section\">\n\t\t\t\t\t\t<div class=\"elementor-container elementor-column-gap-no\">\n\t\t\t\t\t\t\t<div class=\"elementor-row\">\n\t\t\t\t\t<div class=\"elementor-column elementor-col-50 elementor-inner-column elementor-element elementor-element-60b667ea\" data-id=\"60b667ea\" data-element_type=\"column\">\n\t\t\t<div class=\"elementor-column-wrap elementor-element-populated\">\n\t\t\t\t\t\t\t<div class=\"elementor-widget-wrap\">\n\t\t\t\t\t\t<div class=\"elementor-element elementor-element-5b93969d elementor-position-top elementor-vertical-align-top elementor-widget elementor-widget-image-box\" data-id=\"5b93969d\" data-element_type=\"widget\" data-widget_type=\"image-box.default\">\n\t\t\t\t<div class=\"elementor-widget-container\">\n\t\t\t<div class=\"elementor-image-box-wrapper\"><figure class=\"elementor-image-box-img\"><a href=\"http:\/\/ecp-h.com\/index.php\/tele-radio\/\"><img loading=\"lazy\" decoding=\"async\" width=\"552\" height=\"152\" src=\"https:\/\/ecp-h.com\/wp-content\/uploads\/2020\/09\/logoteleradio11-e1601650353312.jpg\" class=\"elementor-animation-grow attachment-full size-full\" alt=\"alt=&quot;Marca Radiocontroles.&quot;\" srcset=\"https:\/\/ecp-h.com\/wp-content\/uploads\/2020\/09\/logoteleradio11-e1601650353312.jpg 552w, https:\/\/ecp-h.com\/wp-content\/uploads\/2020\/09\/logoteleradio11-e1601650353312-300x83.jpg 300w\" sizes=\"(max-width: 552px) 100vw, 552px\" data-attachment-id=\"234\" data-permalink=\"https:\/\/ecp-h.com\/logoteleradio11\/\" data-orig-file=\"https:\/\/ecp-h.com\/wp-content\/uploads\/2020\/09\/logoteleradio11-e1601650353312.jpg\" data-orig-size=\"552,152\" data-comments-opened=\"1\" data-image-meta=\"{&quot;aperture&quot;:&quot;0&quot;,&quot;credit&quot;:&quot;&quot;,&quot;camera&quot;:&quot;&quot;,&quot;caption&quot;:&quot;&quot;,&quot;created_timestamp&quot;:&quot;0&quot;,&quot;copyright&quot;:&quot;&quot;,&quot;focal_length&quot;:&quot;0&quot;,&quot;iso&quot;:&quot;0&quot;,&quot;shutter_speed&quot;:&quot;0&quot;,&quot;title&quot;:&quot;&quot;,&quot;orientation&quot;:&quot;0&quot;}\" data-image-title=\"logoteleradio\" data-image-description=\"\" data-image-caption=\"\" data-medium-file=\"https:\/\/ecp-h.com\/wp-content\/uploads\/2020\/09\/logoteleradio11-e1601650353312-300x83.jpg\" data-large-file=\"https:\/\/ecp-h.com\/wp-content\/uploads\/2020\/09\/logoteleradio11-e1601650353312.jpg\" \/><\/a><\/figure><\/div>\t\t<\/div>\n\t\t\t\t<\/div>\n\t\t\t\t<div class=\"elementor-element elementor-element-3cbd9b3e elementor-align-center elementor-widget elementor-widget-button\" data-id=\"3cbd9b3e\" data-element_type=\"widget\" data-widget_type=\"button.default\">\n\t\t\t\t<div class=\"elementor-widget-container\">\n\t\t\t\t\t<div class=\"elementor-button-wrapper\">\n\t\t\t<a href=\"http:\/\/ecp-h.com\/index.php\/tele-radio\/\" class=\"elementor-button-link elementor-button elementor-size-sm\" role=\"button\">\n\t\t\t\t\t\t<span class=\"elementor-button-content-wrapper\">\n\t\t\t\t\t\t<span class=\"elementor-button-text\">LEER M\u00c1S<\/span>\n\t\t<\/span>\n\t\t\t\t\t<\/a>\n\t\t<\/div>\n\t\t\t\t<\/div>\n\t\t\t\t<\/div>\n\t\t\t\t\t\t<\/div>\n\t\t\t\t\t<\/div>\n\t\t<\/div>\n\t\t\t\t<div class=\"elementor-column elementor-col-50 elementor-inner-column elementor-element elementor-element-62bd4124\" data-id=\"62bd4124\" data-element_type=\"column\">\n\t\t\t<div class=\"elementor-column-wrap elementor-element-populated\">\n\t\t\t\t\t\t\t<div class=\"elementor-widget-wrap\">\n\t\t\t\t\t\t<div class=\"elementor-element elementor-element-357752c5 elementor-position-top elementor-vertical-align-top elementor-widget elementor-widget-image-box\" data-id=\"357752c5\" data-element_type=\"widget\" data-widget_type=\"image-box.default\">\n\t\t\t\t<div class=\"elementor-widget-container\">\n\t\t\t<div class=\"elementor-image-box-wrapper\"><figure class=\"elementor-image-box-img\"><a href=\"http:\/\/ecp-h.com\/index.php\/conductix\/\"><img loading=\"lazy\" decoding=\"async\" width=\"400\" height=\"118\" src=\"https:\/\/ecp-h.com\/wp-content\/uploads\/2020\/10\/logo-conductix.jpg\" class=\"elementor-animation-grow attachment-full size-full\" alt=\"\" srcset=\"https:\/\/ecp-h.com\/wp-content\/uploads\/2020\/10\/logo-conductix.jpg 400w, https:\/\/ecp-h.com\/wp-content\/uploads\/2020\/10\/logo-conductix-300x89.jpg 300w\" sizes=\"(max-width: 400px) 100vw, 400px\" data-attachment-id=\"656\" data-permalink=\"https:\/\/ecp-h.com\/index.php\/radio-controles\/logo-conductix\/\" data-orig-file=\"https:\/\/ecp-h.com\/wp-content\/uploads\/2020\/10\/logo-conductix.jpg\" data-orig-size=\"400,118\" data-comments-opened=\"1\" data-image-meta=\"{&quot;aperture&quot;:&quot;0&quot;,&quot;credit&quot;:&quot;&quot;,&quot;camera&quot;:&quot;&quot;,&quot;caption&quot;:&quot;&quot;,&quot;created_timestamp&quot;:&quot;0&quot;,&quot;copyright&quot;:&quot;&quot;,&quot;focal_length&quot;:&quot;0&quot;,&quot;iso&quot;:&quot;0&quot;,&quot;shutter_speed&quot;:&quot;0&quot;,&quot;title&quot;:&quot;&quot;,&quot;orientation&quot;:&quot;0&quot;}\" data-image-title=\"logo-conductix\" data-image-description=\"\" data-image-caption=\"\" data-medium-file=\"https:\/\/ecp-h.com\/wp-content\/uploads\/2020\/10\/logo-conductix-300x89.jpg\" data-large-file=\"https:\/\/ecp-h.com\/wp-content\/uploads\/2020\/10\/logo-conductix.jpg\" \/><\/a><\/figure><\/div>\t\t<\/div>\n\t\t\t\t<\/div>\n\t\t\t\t<div class=\"elementor-element elementor-element-5afbe57f elementor-align-center elementor-widget elementor-widget-button\" data-id=\"5afbe57f\" data-element_type=\"widget\" data-widget_type=\"button.default\">\n\t\t\t\t<div class=\"elementor-widget-container\">\n\t\t\t\t\t<div class=\"elementor-button-wrapper\">\n\t\t\t<a href=\"http:\/\/ecp-h.com\/index.php\/conductix\/\" class=\"elementor-button-link elementor-button elementor-size-sm\" role=\"button\">\n\t\t\t\t\t\t<span class=\"elementor-button-content-wrapper\">\n\t\t\t\t\t\t<span class=\"elementor-button-text\">LEER M\u00c1S<\/span>\n\t\t<\/span>\n\t\t\t\t\t<\/a>\n\t\t<\/div>\n\t\t\t\t<\/div>\n\t\t\t\t<\/div>\n\t\t\t\t\t\t<\/div>\n\t\t\t\t\t<\/div>\n\t\t<\/div>\n\t\t\t\t\t\t\t\t<\/div>\n\t\t\t\t\t<\/div>\n\t\t<\/section>\n\t\t\t\t\t\t<\/div>\n\t\t\t\t\t<\/div>\n\t\t<\/div>\n\t\t\t\t\t\t\t\t<\/div>\n\t\t\t\t\t<\/div>\n\t\t<\/section>\n\t\t\t\t<section class=\"elementor-section elementor-top-section elementor-element elementor-element-378edc68 elementor-section-full_width elementor-section-height-default elementor-section-height-default\" data-id=\"378edc68\" data-element_type=\"section\" data-settings=\"{&quot;background_background&quot;:&quot;classic&quot;}\">\n\t\t\t\t\t\t<div class=\"elementor-container elementor-column-gap-no\">\n\t\t\t\t\t\t\t<div class=\"elementor-row\">\n\t\t\t\t\t<div class=\"elementor-column elementor-col-100 elementor-top-column elementor-element elementor-element-f6f3061\" data-id=\"f6f3061\" data-element_type=\"column\">\n\t\t\t<div class=\"elementor-column-wrap elementor-element-populated\">\n\t\t\t\t\t\t\t<div class=\"elementor-widget-wrap\">\n\t\t\t\t\t\t<div class=\"elementor-element elementor-element-4c2d1b76 elementor-widget elementor-widget-google_maps\" data-id=\"4c2d1b76\" data-element_type=\"widget\" data-widget_type=\"google_maps.default\">\n\t\t\t\t<div class=\"elementor-widget-container\">\n\t\t\t<div class=\"elementor-custom-embed\"><iframe frameborder=\"0\" scrolling=\"no\" marginheight=\"0\" marginwidth=\"0\" src=\"https:\/\/maps.google.com\/maps?q=Manuel%20Ca%C3%B1as%2086%2C%20Sta%20Cruz%20Meyehualco%2C%20Iztapalapa%2C%2009700%20Ciudad%20de%20M%C3%A9xico%2C%20CDMX&amp;t=m&amp;z=15&amp;output=embed&amp;iwloc=near\" title=\"Manuel Ca\u00f1as 86, Sta Cruz Meyehualco, Iztapalapa, 09700 Ciudad de M\u00e9xico, CDMX\" aria-label=\"Manuel Ca\u00f1as 86, Sta Cruz Meyehualco, Iztapalapa, 09700 Ciudad de M\u00e9xico, CDMX\"><\/iframe><\/div>\t\t<\/div>\n\t\t\t\t<\/div>\n\t\t\t\t<section class=\"elementor-section elementor-inner-section elementor-element elementor-element-43e6e32d elementor-section-content-middle elementor-section-boxed elementor-section-height-default elementor-section-height-default\" data-id=\"43e6e32d\" data-element_type=\"section\">\n\t\t\t\t\t\t<div class=\"elementor-container elementor-column-gap-no\">\n\t\t\t\t\t\t\t<div class=\"elementor-row\">\n\t\t\t\t\t<div class=\"elementor-column elementor-col-33 elementor-inner-column elementor-element elementor-element-605926f6\" data-id=\"605926f6\" data-element_type=\"column\">\n\t\t\t<div class=\"elementor-column-wrap elementor-element-populated\">\n\t\t\t\t\t\t\t<div class=\"elementor-widget-wrap\">\n\t\t\t\t\t\t<div class=\"elementor-element elementor-element-91a6852 elementor-widget elementor-widget-heading\" data-id=\"91a6852\" data-element_type=\"widget\" data-widget_type=\"heading.default\">\n\t\t\t\t<div class=\"elementor-widget-container\">\n\t\t\t<h6 class=\"elementor-heading-title elementor-size-default\">Ubicaci\u00f3n<\/h6>\t\t<\/div>\n\t\t\t\t<\/div>\n\t\t\t\t<div class=\"elementor-element elementor-element-fc736a1 elementor-widget elementor-widget-text-editor\" data-id=\"fc736a1\" data-element_type=\"widget\" data-widget_type=\"text-editor.default\">\n\t\t\t\t<div class=\"elementor-widget-container\">\n\t\t\t\t\t<div class=\"elementor-text-editor elementor-clearfix\"><p>Manuel Ca\u00f1as 80, Pueblo Santa Cruz Meyehualco 09700, CDMX<\/p><\/div>\n\t\t\t\t<\/div>\n\t\t\t\t<\/div>\n\t\t\t\t\t\t<\/div>\n\t\t\t\t\t<\/div>\n\t\t<\/div>\n\t\t\t\t<div class=\"elementor-column elementor-col-33 elementor-inner-column elementor-element elementor-element-11cecf06\" data-id=\"11cecf06\" data-element_type=\"column\">\n\t\t\t<div class=\"elementor-column-wrap elementor-element-populated\">\n\t\t\t\t\t\t\t<div class=\"elementor-widget-wrap\">\n\t\t\t\t\t\t<div class=\"elementor-element elementor-element-23684553 elementor-widget elementor-widget-heading\" data-id=\"23684553\" data-element_type=\"widget\" data-widget_type=\"heading.default\">\n\t\t\t\t<div class=\"elementor-widget-container\">\n\t\t\t<h6 class=\"elementor-heading-title elementor-size-default\">Horario<\/h6>\t\t<\/div>\n\t\t\t\t<\/div>\n\t\t\t\t<div class=\"elementor-element elementor-element-7cf0bde elementor-widget elementor-widget-text-editor\" data-id=\"7cf0bde\" data-element_type=\"widget\" data-widget_type=\"text-editor.default\">\n\t\t\t\t<div class=\"elementor-widget-container\">\n\t\t\t\t\t<div class=\"elementor-text-editor elementor-clearfix\"><p>8:30 &#8211; 18.30\u00a0<br \/>Lunes-Viernes<\/p><\/div>\n\t\t\t\t<\/div>\n\t\t\t\t<\/div>\n\t\t\t\t\t\t<\/div>\n\t\t\t\t\t<\/div>\n\t\t<\/div>\n\t\t\t\t<div class=\"elementor-column elementor-col-33 elementor-inner-column elementor-element elementor-element-2976c57d\" data-id=\"2976c57d\" data-element_type=\"column\">\n\t\t\t<div class=\"elementor-column-wrap elementor-element-populated\">\n\t\t\t\t\t\t\t<div class=\"elementor-widget-wrap\">\n\t\t\t\t\t\t<div class=\"elementor-element elementor-element-30d8d184 elementor-widget elementor-widget-heading\" data-id=\"30d8d184\" data-element_type=\"widget\" data-widget_type=\"heading.default\">\n\t\t\t\t<div class=\"elementor-widget-container\">\n\t\t\t<h6 class=\"elementor-heading-title elementor-size-default\">Cont\u00e1ctanos<\/h6>\t\t<\/div>\n\t\t\t\t<\/div>\n\t\t\t\t<div class=\"elementor-element elementor-element-58e166bb elementor-widget elementor-widget-text-editor\" data-id=\"58e166bb\" data-element_type=\"widget\" data-widget_type=\"text-editor.default\">\n\t\t\t\t<div class=\"elementor-widget-container\">\n\t\t\t\t\t<div class=\"elementor-text-editor elementor-clearfix\"><p>Tel\u00e9fono: +52 4433990478<br \/>Email: jlpo@att.net.mx<\/p><\/div>\n\t\t\t\t<\/div>\n\t\t\t\t<\/div>\n\t\t\t\t\t\t<\/div>\n\t\t\t\t\t<\/div>\n\t\t<\/div>\n\t\t\t\t\t\t\t\t<\/div>\n\t\t\t\t\t<\/div>\n\t\t<\/section>\n\t\t\t\t<div class=\"elementor-element elementor-element-583632 elementor-shape-rounded elementor-grid-0 elementor-widget elementor-widget-social-icons\" data-id=\"583632\" data-element_type=\"widget\" data-widget_type=\"social-icons.default\">\n\t\t\t\t<div class=\"elementor-widget-container\">\n\t\t\t\t\t<div class=\"elementor-social-icons-wrapper elementor-grid\">\n\t\t\t\t\t\t\t<div class=\"elementor-grid-item\">\n\t\t\t\t\t<a class=\"elementor-icon elementor-social-icon elementor-social-icon-facebook-f elementor-animation-grow elementor-repeater-item-9c86cde\" href=\"https:\/\/www.facebook.com\/Gr%C3%BAas-Viajeras-y-Polipastos-Electrificaciones-y-Carga-P-H-SA-de-CV-108443294224346\" target=\"_blank\">\n\t\t\t\t\t\t<span class=\"elementor-screen-only\">Facebook-f<\/span>\n\t\t\t\t\t\t<i class=\"fab fa-facebook-f\"><\/i>\t\t\t\t\t<\/a>\n\t\t\t\t<\/div>\n\t\t\t\t\t\t\t<div class=\"elementor-grid-item\">\n\t\t\t\t\t<a class=\"elementor-icon elementor-social-icon elementor-social-icon-linkedin elementor-animation-grow elementor-repeater-item-7e7b030\" href=\"https:\/\/www.linkedin.com\/in\/electrificaciones-y-carga-p-h-s-a-de-c-v-97b28b133\" target=\"_blank\">\n\t\t\t\t\t\t<span class=\"elementor-screen-only\">Linkedin<\/span>\n\t\t\t\t\t\t<i class=\"fab fa-linkedin\"><\/i>\t\t\t\t\t<\/a>\n\t\t\t\t<\/div>\n\t\t\t\t\t<\/div>\n\t\t\t\t<\/div>\n\t\t\t\t<\/div>\n\t\t\t\t\t\t<\/div>\n\t\t\t\t\t<\/div>\n\t\t<\/div>\n\t\t\t\t\t\t\t\t<\/div>\n\t\t\t\t\t<\/div>\n\t\t<\/section>\n\t\t\t\t\t\t<\/div>\n\t\t\t\t\t\t<\/div>\n\t\t\t\t\t<\/div>\n\t\t","protected":false},"excerpt":{"rendered":"<p>RADIO CONTROL REMOTO LEER M\u00c1S LEER M\u00c1S Ubicaci\u00f3n Manuel Ca\u00f1as 80, Pueblo Santa Cruz Meyehualco 09700, CDMX Horario 8:30 &#8211; 18.30\u00a0Lunes-Viernes Cont\u00e1ctanos Tel\u00e9fono: +52 4433990478Email: jlpo@att.net.mx Facebook-f Linkedin<\/p>\n","protected":false},"author":1,"featured_media":0,"parent":0,"menu_order":0,"comment_status":"closed","ping_status":"closed","template":"","meta":{"om_disable_all_campaigns":false,"_monsterinsights_skip_tracking":false,"_monsterinsights_sitenote_active":false,"_monsterinsights_sitenote_note":"","_monsterinsights_sitenote_category":0,"footnotes":""},"class_list":["post-649","page","type-page","status-publish","hentry"],"aioseo_notices":[],"yoast_head":"<!-- This site is optimized with the Yoast SEO plugin v17.3 - https:\/\/yoast.com\/wordpress\/plugins\/seo\/ -->\n<title>Radio Control Remoto - Electrificaciones y Carga P-H, S.A. de C.V.<\/title>\n<meta name=\"robots\" content=\"index, follow, max-snippet:-1, max-image-preview:large, max-video-preview:-1\" \/>\n<link rel=\"canonical\" href=\"https:\/\/ecp-h.com\/index.php\/radio-controles\/\" \/>\n<meta property=\"og:locale\" content=\"es_MX\" \/>\n<meta property=\"og:type\" content=\"article\" \/>\n<meta property=\"og:title\" content=\"Radio Control Remoto - Electrificaciones y Carga P-H, S.A. de C.V.\" \/>\n<meta property=\"og:description\" content=\"RADIO CONTROL REMOTO LEER M\u00c1S LEER M\u00c1S Ubicaci\u00f3n Manuel Ca\u00f1as 80, Pueblo Santa Cruz Meyehualco 09700, CDMX Horario 8:30 &#8211; 18.30\u00a0Lunes-Viernes Cont\u00e1ctanos Tel\u00e9fono: +52 4433990478Email: jlpo@att.net.mx Facebook-f Linkedin\" \/>\n<meta property=\"og:url\" content=\"https:\/\/ecp-h.com\/index.php\/radio-controles\/\" \/>\n<meta property=\"og:site_name\" content=\"Electrificaciones y Carga P-H, S.A. de C.V.\" \/>\n<meta property=\"article:publisher\" content=\"https:\/\/www.facebook.com\/Gr%c3%baas-Viajeras-y-Polipastos-Electrificaciones-y-Carga-P-H-SA-de-CV-108443294224346\" \/>\n<meta property=\"article:modified_time\" content=\"2020-10-14T22:10:11+00:00\" \/>\n<meta property=\"og:image\" content=\"http:\/\/ecp-h.com\/wp-content\/uploads\/2020\/09\/logoteleradio11-e1601650353312.jpg\" \/>\n<meta name=\"twitter:card\" content=\"summary_large_image\" \/>\n<script type=\"application\/ld+json\" class=\"yoast-schema-graph\">{\"@context\":\"https:\/\/schema.org\",\"@graph\":[{\"@type\":\"Organization\",\"@id\":\"https:\/\/ecp-h.com\/#organization\",\"name\":\"Electrificaciones y Carga P-H, S.A. de C.V.\",\"url\":\"https:\/\/ecp-h.com\/\",\"sameAs\":[\"https:\/\/www.facebook.com\/Gr\\u00faas-Viajeras-y-Polipastos-Electrificaciones-y-Carga-P-H-SA-de-CV-108443294224346\",\"https:\/\/www.linkedin.com\/in\/electrificaciones-y-carga-p-h-s-a-de-c-v-97b28b133\"],\"logo\":{\"@type\":\"ImageObject\",\"@id\":\"https:\/\/ecp-h.com\/#logo\",\"inLanguage\":\"es\",\"url\":\"https:\/\/ecp-h.com\/wp-content\/uploads\/2020\/09\/vertical_y_base_prueba1.jpg\",\"contentUrl\":\"https:\/\/ecp-h.com\/wp-content\/uploads\/2020\/09\/vertical_y_base_prueba1.jpg\",\"width\":396,\"height\":396,\"caption\":\"Electrificaciones y Carga P-H, S.A. de C.V.\"},\"image\":{\"@id\":\"https:\/\/ecp-h.com\/#logo\"}},{\"@type\":\"WebSite\",\"@id\":\"https:\/\/ecp-h.com\/#website\",\"url\":\"https:\/\/ecp-h.com\/\",\"name\":\"Electrificaciones y Carga P-H, S.A. de C.V.\",\"description\":\"Gr\\u00faas VIajeras y Polipastos\",\"publisher\":{\"@id\":\"https:\/\/ecp-h.com\/#organization\"},\"potentialAction\":[{\"@type\":\"SearchAction\",\"target\":{\"@type\":\"EntryPoint\",\"urlTemplate\":\"https:\/\/ecp-h.com\/?s={search_term_string}\"},\"query-input\":\"required name=search_term_string\"}],\"inLanguage\":\"es\"},{\"@type\":\"ImageObject\",\"@id\":\"https:\/\/ecp-h.com\/index.php\/radio-controles\/#primaryimage\",\"inLanguage\":\"es\",\"url\":\"http:\/\/ecp-h.com\/wp-content\/uploads\/2020\/09\/logoteleradio11-e1601650353312.jpg\",\"contentUrl\":\"http:\/\/ecp-h.com\/wp-content\/uploads\/2020\/09\/logoteleradio11-e1601650353312.jpg\"},{\"@type\":\"WebPage\",\"@id\":\"https:\/\/ecp-h.com\/index.php\/radio-controles\/#webpage\",\"url\":\"https:\/\/ecp-h.com\/index.php\/radio-controles\/\",\"name\":\"Radio Control Remoto - Electrificaciones y Carga P-H, S.A. de C.V.\",\"isPartOf\":{\"@id\":\"https:\/\/ecp-h.com\/#website\"},\"primaryImageOfPage\":{\"@id\":\"https:\/\/ecp-h.com\/index.php\/radio-controles\/#primaryimage\"},\"datePublished\":\"2020-10-02T14:09:03+00:00\",\"dateModified\":\"2020-10-14T22:10:11+00:00\",\"breadcrumb\":{\"@id\":\"https:\/\/ecp-h.com\/index.php\/radio-controles\/#breadcrumb\"},\"inLanguage\":\"es\",\"potentialAction\":[{\"@type\":\"ReadAction\",\"target\":[\"https:\/\/ecp-h.com\/index.php\/radio-controles\/\"]}]},{\"@type\":\"BreadcrumbList\",\"@id\":\"https:\/\/ecp-h.com\/index.php\/radio-controles\/#breadcrumb\",\"itemListElement\":[{\"@type\":\"ListItem\",\"position\":1,\"name\":\"Inicio\",\"item\":\"https:\/\/ecp-h.com\/\"},{\"@type\":\"ListItem\",\"position\":2,\"name\":\"Radio Control Remoto\"}]}]}<\/script>\n<!-- \/ Yoast SEO plugin. -->","yoast_head_json":{"title":"Radio Control Remoto - Electrificaciones y Carga P-H, S.A. de C.V.","robots":{"index":"index","follow":"follow","max-snippet":"max-snippet:-1","max-image-preview":"max-image-preview:large","max-video-preview":"max-video-preview:-1"},"canonical":"https:\/\/ecp-h.com\/index.php\/radio-controles\/","og_locale":"es_MX","og_type":"article","og_title":"Radio Control Remoto - Electrificaciones y Carga P-H, S.A. de C.V.","og_description":"RADIO CONTROL REMOTO LEER M\u00c1S LEER M\u00c1S Ubicaci\u00f3n Manuel Ca\u00f1as 80, Pueblo Santa Cruz Meyehualco 09700, CDMX Horario 8:30 &#8211; 18.30\u00a0Lunes-Viernes Cont\u00e1ctanos Tel\u00e9fono: +52 4433990478Email: jlpo@att.net.mx Facebook-f Linkedin","og_url":"https:\/\/ecp-h.com\/index.php\/radio-controles\/","og_site_name":"Electrificaciones y Carga P-H, S.A. de C.V.","article_publisher":"https:\/\/www.facebook.com\/Gr%c3%baas-Viajeras-y-Polipastos-Electrificaciones-y-Carga-P-H-SA-de-CV-108443294224346","article_modified_time":"2020-10-14T22:10:11+00:00","og_image":[{"url":"http:\/\/ecp-h.com\/wp-content\/uploads\/2020\/09\/logoteleradio11-e1601650353312.jpg"}],"twitter_card":"summary_large_image","schema":{"@context":"https:\/\/schema.org","@graph":[{"@type":"Organization","@id":"https:\/\/ecp-h.com\/#organization","name":"Electrificaciones y Carga P-H, S.A. de C.V.","url":"https:\/\/ecp-h.com\/","sameAs":["https:\/\/www.facebook.com\/Gr\u00faas-Viajeras-y-Polipastos-Electrificaciones-y-Carga-P-H-SA-de-CV-108443294224346","https:\/\/www.linkedin.com\/in\/electrificaciones-y-carga-p-h-s-a-de-c-v-97b28b133"],"logo":{"@type":"ImageObject","@id":"https:\/\/ecp-h.com\/#logo","inLanguage":"es","url":"https:\/\/ecp-h.com\/wp-content\/uploads\/2020\/09\/vertical_y_base_prueba1.jpg","contentUrl":"https:\/\/ecp-h.com\/wp-content\/uploads\/2020\/09\/vertical_y_base_prueba1.jpg","width":396,"height":396,"caption":"Electrificaciones y Carga P-H, S.A. de C.V."},"image":{"@id":"https:\/\/ecp-h.com\/#logo"}},{"@type":"WebSite","@id":"https:\/\/ecp-h.com\/#website","url":"https:\/\/ecp-h.com\/","name":"Electrificaciones y Carga P-H, S.A. de C.V.","description":"Gr\u00faas VIajeras y Polipastos","publisher":{"@id":"https:\/\/ecp-h.com\/#organization"},"potentialAction":[{"@type":"SearchAction","target":{"@type":"EntryPoint","urlTemplate":"https:\/\/ecp-h.com\/?s={search_term_string}"},"query-input":"required name=search_term_string"}],"inLanguage":"es"},{"@type":"ImageObject","@id":"https:\/\/ecp-h.com\/index.php\/radio-controles\/#primaryimage","inLanguage":"es","url":"http:\/\/ecp-h.com\/wp-content\/uploads\/2020\/09\/logoteleradio11-e1601650353312.jpg","contentUrl":"http:\/\/ecp-h.com\/wp-content\/uploads\/2020\/09\/logoteleradio11-e1601650353312.jpg"},{"@type":"WebPage","@id":"https:\/\/ecp-h.com\/index.php\/radio-controles\/#webpage","url":"https:\/\/ecp-h.com\/index.php\/radio-controles\/","name":"Radio Control Remoto - Electrificaciones y Carga P-H, S.A. de C.V.","isPartOf":{"@id":"https:\/\/ecp-h.com\/#website"},"primaryImageOfPage":{"@id":"https:\/\/ecp-h.com\/index.php\/radio-controles\/#primaryimage"},"datePublished":"2020-10-02T14:09:03+00:00","dateModified":"2020-10-14T22:10:11+00:00","breadcrumb":{"@id":"https:\/\/ecp-h.com\/index.php\/radio-controles\/#breadcrumb"},"inLanguage":"es","potentialAction":[{"@type":"ReadAction","target":["https:\/\/ecp-h.com\/index.php\/radio-controles\/"]}]},{"@type":"BreadcrumbList","@id":"https:\/\/ecp-h.com\/index.php\/radio-controles\/#breadcrumb","itemListElement":[{"@type":"ListItem","position":1,"name":"Inicio","item":"https:\/\/ecp-h.com\/"},{"@type":"ListItem","position":2,"name":"Radio Control Remoto"}]}]}},"jetpack-related-posts":[],"jetpack_shortlink":"https:\/\/wp.me\/PcpRnm-at","jetpack_sharing_enabled":true,"_links":{"self":[{"href":"https:\/\/ecp-h.com\/index.php\/wp-json\/wp\/v2\/pages\/649"}],"collection":[{"href":"https:\/\/ecp-h.com\/index.php\/wp-json\/wp\/v2\/pages"}],"about":[{"href":"https:\/\/ecp-h.com\/index.php\/wp-json\/wp\/v2\/types\/page"}],"author":[{"embeddable":true,"href":"https:\/\/ecp-h.com\/index.php\/wp-json\/wp\/v2\/users\/1"}],"replies":[{"embeddable":true,"href":"https:\/\/ecp-h.com\/index.php\/wp-json\/wp\/v2\/comments?post=649"}],"version-history":[{"count":12,"href":"https:\/\/ecp-h.com\/index.php\/wp-json\/wp\/v2\/pages\/649\/revisions"}],"predecessor-version":[{"id":890,"href":"https:\/\/ecp-h.com\/index.php\/wp-json\/wp\/v2\/pages\/649\/revisions\/890"}],"wp:attachment":[{"href":"https:\/\/ecp-h.com\/index.php\/wp-json\/wp\/v2\/media?parent=649"}],"curies":[{"name":"wp","href":"https:\/\/api.w.org\/{rel}","templated":true}]}}