{"id":384,"date":"2020-09-28T17:32:47","date_gmt":"2020-09-28T17:32:47","guid":{"rendered":"http:\/\/ecp-h.com\/?page_id=384"},"modified":"2025-11-19T19:21:18","modified_gmt":"2025-11-19T19:21:18","slug":"barra-conductora","status":"publish","type":"page","link":"https:\/\/ecp-h.com\/index.php\/barra-conductora\/","title":{"rendered":"Barra Conductora"},"content":{"rendered":"\t\t<div data-elementor-type=\"wp-page\" data-elementor-id=\"384\" class=\"elementor elementor-384\" data-elementor-settings=\"[]\">\n\t\t\t\t\t\t<div class=\"elementor-inner\">\n\t\t\t\t\t\t\t<div class=\"elementor-section-wrap\">\n\t\t\t\t\t\t\t<section class=\"elementor-section elementor-top-section elementor-element elementor-element-1b4a4862 elementor-section-boxed elementor-section-height-default elementor-section-height-default\" data-id=\"1b4a4862\" data-element_type=\"section\">\n\t\t\t\t\t\t<div class=\"elementor-container elementor-column-gap-default\">\n\t\t\t\t\t\t\t<div class=\"elementor-row\">\n\t\t\t\t\t<div class=\"elementor-column elementor-col-100 elementor-top-column elementor-element elementor-element-606f24a0\" data-id=\"606f24a0\" data-element_type=\"column\">\n\t\t\t<div class=\"elementor-column-wrap elementor-element-populated\">\n\t\t\t\t\t\t\t<div class=\"elementor-widget-wrap\">\n\t\t\t\t\t\t<div class=\"elementor-element elementor-element-47bd862b elementor-widget-divider--view-line_text elementor-widget-divider--element-align-center elementor-widget elementor-widget-divider\" data-id=\"47bd862b\" data-element_type=\"widget\" data-widget_type=\"divider.default\">\n\t\t\t\t<div class=\"elementor-widget-container\">\n\t\t\t\t\t<div class=\"elementor-divider\">\n\t\t\t<span class=\"elementor-divider-separator\">\n\t\t\t\t\t\t\t<span class=\"elementor-divider__text elementor-divider__element\">Barra Conductora<\/span>\n\t\t\t\t\t\t<\/span>\n\t\t<\/div>\n\t\t\t\t<\/div>\n\t\t\t\t<\/div>\n\t\t\t\t\t\t<\/div>\n\t\t\t\t\t<\/div>\n\t\t<\/div>\n\t\t\t\t\t\t\t\t<\/div>\n\t\t\t\t\t<\/div>\n\t\t<\/section>\n\t\t\t\t<section class=\"elementor-section elementor-top-section elementor-element elementor-element-74b3d5c elementor-section-boxed elementor-section-height-default elementor-section-height-default\" data-id=\"74b3d5c\" data-element_type=\"section\">\n\t\t\t\t\t\t<div class=\"elementor-container elementor-column-gap-default\">\n\t\t\t\t\t\t\t<div class=\"elementor-row\">\n\t\t\t\t\t<div class=\"elementor-column elementor-col-100 elementor-top-column elementor-element elementor-element-cfbe654\" data-id=\"cfbe654\" data-element_type=\"column\">\n\t\t\t<div class=\"elementor-column-wrap elementor-element-populated\">\n\t\t\t\t\t\t\t<div class=\"elementor-widget-wrap\">\n\t\t\t\t\t\t<div class=\"elementor-element elementor-element-dff35ec elementor-widget elementor-widget-text-editor\" data-id=\"dff35ec\" data-element_type=\"widget\" data-widget_type=\"text-editor.default\">\n\t\t\t\t<div class=\"elementor-widget-container\">\n\t\t\t\t\t<div class=\"elementor-text-editor elementor-clearfix\"><h2 style=\"text-align: left;\">L\u00ednea Protegida Unipolar UP-1<\/h2><p>El sistema conductor UP es un sistema moderno de conducci\u00f3n el\u00e9ctrica mediante el uso de conductores unipolares aislados.\u00a0<\/p><p><span style=\"font-size: 15px;\">Este sistema provee energ\u00eda el\u00e9ctrica a m\u00e1quinas en movimiento en aplicaciones como puentes gr\u00faa, gr\u00faas de acer\u00edas, gr\u00faas de proceso y similares.<\/span><\/p><p>El rail conductor est\u00e1 fabricado en aluminio (desde 300 Amp. hasta 1250 Amp.) con una pletina de contacto en acero inoxidable insertada que permite un muy bajo desgaste del conductor.<\/p><p>El n\u00famero de conductor necesitado se puede montar tanto en posici\u00f3n vertical como horizontal, siempre manteniendo la ranura en la parte inferior. Los recorridos pueden ser rectil\u00edneos o curvos.<\/p><p>La longitud est\u00e1ndar de los tramos es de 4 metros (son posibles otras longitudes). Es un sistema modular, por lo que puede ser alargado seg\u00fan convenga.<\/p><p>Este sistema puede ser montado en ambientes de interior con temperaturas de servicio entre -20\u00baC Y +70\u00baC.<\/p><p>El conjunto del carril conductor est\u00e1 aislado y, de acuerdo a las Regulaciones de Seguridad el\u00e9ctrica, protegido del contacto directo con los dedos. \u00cdndice de protecci\u00f3n: IP20.<\/p><p>M\u00e1ximo voltaje: 690 V.<\/p><\/div>\n\t\t\t\t<\/div>\n\t\t\t\t<\/div>\n\t\t\t\t\t\t<\/div>\n\t\t\t\t\t<\/div>\n\t\t<\/div>\n\t\t\t\t\t\t\t\t<\/div>\n\t\t\t\t\t<\/div>\n\t\t<\/section>\n\t\t\t\t<section class=\"elementor-section elementor-top-section elementor-element elementor-element-a921438 elementor-section-boxed elementor-section-height-default elementor-section-height-default\" data-id=\"a921438\" data-element_type=\"section\">\n\t\t\t\t\t\t<div class=\"elementor-container elementor-column-gap-default\">\n\t\t\t\t\t\t\t<div class=\"elementor-row\">\n\t\t\t\t\t<div class=\"elementor-column elementor-col-100 elementor-top-column elementor-element elementor-element-53019a8\" data-id=\"53019a8\" data-element_type=\"column\">\n\t\t\t<div class=\"elementor-column-wrap elementor-element-populated\">\n\t\t\t\t\t\t\t<div class=\"elementor-widget-wrap\">\n\t\t\t\t\t\t<div class=\"elementor-element elementor-element-8c800ae elementor-widget elementor-widget-image\" data-id=\"8c800ae\" data-element_type=\"widget\" data-widget_type=\"image.default\">\n\t\t\t\t<div class=\"elementor-widget-container\">\n\t\t\t\t\t<div class=\"elementor-image\">\n\t\t\t\t\t\t\t\t\t\t<img loading=\"lazy\" decoding=\"async\" width=\"1024\" height=\"449\" src=\"https:\/\/ecp-h.com\/wp-content\/uploads\/2025\/11\/iga-1024x449.jpg\" class=\"attachment-large size-large\" alt=\"\" srcset=\"https:\/\/ecp-h.com\/wp-content\/uploads\/2025\/11\/iga-1024x449.jpg 1024w, https:\/\/ecp-h.com\/wp-content\/uploads\/2025\/11\/iga-300x132.jpg 300w, https:\/\/ecp-h.com\/wp-content\/uploads\/2025\/11\/iga-768x337.jpg 768w, https:\/\/ecp-h.com\/wp-content\/uploads\/2025\/11\/iga-1536x674.jpg 1536w, https:\/\/ecp-h.com\/wp-content\/uploads\/2025\/11\/iga-2048x899.jpg 2048w\" sizes=\"(max-width: 1024px) 100vw, 1024px\" data-attachment-id=\"1386\" data-permalink=\"https:\/\/ecp-h.com\/index.php\/barra-conductora\/iga\/\" data-orig-file=\"https:\/\/ecp-h.com\/wp-content\/uploads\/2025\/11\/iga-scaled.jpg\" data-orig-size=\"2560,1124\" data-comments-opened=\"1\" data-image-meta=\"{&quot;aperture&quot;:&quot;0&quot;,&quot;credit&quot;:&quot;&quot;,&quot;camera&quot;:&quot;&quot;,&quot;caption&quot;:&quot;&quot;,&quot;created_timestamp&quot;:&quot;0&quot;,&quot;copyright&quot;:&quot;&quot;,&quot;focal_length&quot;:&quot;0&quot;,&quot;iso&quot;:&quot;0&quot;,&quot;shutter_speed&quot;:&quot;0&quot;,&quot;title&quot;:&quot;&quot;,&quot;orientation&quot;:&quot;0&quot;}\" data-image-title=\"iga\" data-image-description=\"\" data-image-caption=\"\" data-medium-file=\"https:\/\/ecp-h.com\/wp-content\/uploads\/2025\/11\/iga-300x132.jpg\" data-large-file=\"https:\/\/ecp-h.com\/wp-content\/uploads\/2025\/11\/iga-1024x449.jpg\" \/>\t\t\t\t\t\t\t\t\t\t\t<\/div>\n\t\t\t\t<\/div>\n\t\t\t\t<\/div>\n\t\t\t\t\t\t<\/div>\n\t\t\t\t\t<\/div>\n\t\t<\/div>\n\t\t\t\t\t\t\t\t<\/div>\n\t\t\t\t\t<\/div>\n\t\t<\/section>\n\t\t\t\t<section class=\"elementor-section elementor-top-section elementor-element elementor-element-78479fc elementor-section-boxed elementor-section-height-default elementor-section-height-default\" data-id=\"78479fc\" data-element_type=\"section\">\n\t\t\t\t\t\t<div class=\"elementor-container elementor-column-gap-default\">\n\t\t\t\t\t\t\t<div class=\"elementor-row\">\n\t\t\t\t\t<div class=\"elementor-column elementor-col-100 elementor-top-column elementor-element elementor-element-23662f4\" data-id=\"23662f4\" data-element_type=\"column\">\n\t\t\t<div class=\"elementor-column-wrap elementor-element-populated\">\n\t\t\t\t\t\t\t<div class=\"elementor-widget-wrap\">\n\t\t\t\t\t\t<div class=\"elementor-element elementor-element-b9fc02a elementor-align-center elementor-widget elementor-widget-button\" data-id=\"b9fc02a\" data-element_type=\"widget\" data-widget_type=\"button.default\">\n\t\t\t\t<div class=\"elementor-widget-container\">\n\t\t\t\t\t<div class=\"elementor-button-wrapper\">\n\t\t\t<a href=\"https:\/\/ecp-h.com\/wp-content\/uploads\/2025\/11\/5CATALOGOUP.pdf\" class=\"elementor-button-link elementor-button elementor-size-md\" role=\"button\">\n\t\t\t\t\t\t<span class=\"elementor-button-content-wrapper\">\n\t\t\t\t\t\t<span class=\"elementor-button-icon elementor-align-icon-left\">\n\t\t\t\t<i aria-hidden=\"true\" class=\"far fa-file-pdf\"><\/i>\t\t\t<\/span>\n\t\t\t\t\t\t<span class=\"elementor-button-text\">Descargar Cat\u00e1logo<\/span>\n\t\t<\/span>\n\t\t\t\t\t<\/a>\n\t\t<\/div>\n\t\t\t\t<\/div>\n\t\t\t\t<\/div>\n\t\t\t\t\t\t<\/div>\n\t\t\t\t\t<\/div>\n\t\t<\/div>\n\t\t\t\t\t\t\t\t<\/div>\n\t\t\t\t\t<\/div>\n\t\t<\/section>\n\t\t\t\t<section class=\"elementor-section elementor-top-section elementor-element elementor-element-5627f15f elementor-section-full_width elementor-section-height-default elementor-section-height-default\" data-id=\"5627f15f\" data-element_type=\"section\" data-settings=\"{&quot;background_background&quot;:&quot;classic&quot;}\">\n\t\t\t\t\t\t<div class=\"elementor-container elementor-column-gap-no\">\n\t\t\t\t\t\t\t<div class=\"elementor-row\">\n\t\t\t\t\t<div class=\"elementor-column elementor-col-100 elementor-top-column elementor-element elementor-element-49239c59\" data-id=\"49239c59\" data-element_type=\"column\">\n\t\t\t<div class=\"elementor-column-wrap elementor-element-populated\">\n\t\t\t\t\t\t\t<div class=\"elementor-widget-wrap\">\n\t\t\t\t\t\t<div class=\"elementor-element elementor-element-663d5c5e elementor-widget elementor-widget-google_maps\" data-id=\"663d5c5e\" data-element_type=\"widget\" data-widget_type=\"google_maps.default\">\n\t\t\t\t<div class=\"elementor-widget-container\">\n\t\t\t<div class=\"elementor-custom-embed\"><iframe frameborder=\"0\" scrolling=\"no\" marginheight=\"0\" marginwidth=\"0\" src=\"https:\/\/maps.google.com\/maps?q=Manuel%20Ca%C3%B1as%2086%2C%20Sta%20Cruz%20Meyehualco%2C%20Iztapalapa%2C%2009700%20Ciudad%20de%20M%C3%A9xico%2C%20CDMX&amp;t=m&amp;z=15&amp;output=embed&amp;iwloc=near\" title=\"Manuel Ca\u00f1as 86, Sta Cruz Meyehualco, Iztapalapa, 09700 Ciudad de M\u00e9xico, CDMX\" aria-label=\"Manuel Ca\u00f1as 86, Sta Cruz Meyehualco, Iztapalapa, 09700 Ciudad de M\u00e9xico, CDMX\"><\/iframe><\/div>\t\t<\/div>\n\t\t\t\t<\/div>\n\t\t\t\t<section class=\"elementor-section elementor-inner-section elementor-element elementor-element-7bbbb0cc elementor-section-content-middle elementor-section-boxed elementor-section-height-default elementor-section-height-default\" data-id=\"7bbbb0cc\" data-element_type=\"section\">\n\t\t\t\t\t\t<div class=\"elementor-container elementor-column-gap-no\">\n\t\t\t\t\t\t\t<div class=\"elementor-row\">\n\t\t\t\t\t<div class=\"elementor-column elementor-col-33 elementor-inner-column elementor-element elementor-element-56a2d5dc\" data-id=\"56a2d5dc\" data-element_type=\"column\">\n\t\t\t<div class=\"elementor-column-wrap elementor-element-populated\">\n\t\t\t\t\t\t\t<div class=\"elementor-widget-wrap\">\n\t\t\t\t\t\t<div class=\"elementor-element elementor-element-34eeceb0 elementor-widget elementor-widget-heading\" data-id=\"34eeceb0\" data-element_type=\"widget\" data-widget_type=\"heading.default\">\n\t\t\t\t<div class=\"elementor-widget-container\">\n\t\t\t<h6 class=\"elementor-heading-title elementor-size-default\">Ubicaci\u00f3n<\/h6>\t\t<\/div>\n\t\t\t\t<\/div>\n\t\t\t\t<div class=\"elementor-element elementor-element-27135540 elementor-widget elementor-widget-text-editor\" data-id=\"27135540\" data-element_type=\"widget\" data-widget_type=\"text-editor.default\">\n\t\t\t\t<div class=\"elementor-widget-container\">\n\t\t\t\t\t<div class=\"elementor-text-editor elementor-clearfix\"><p>Manuel Ca\u00f1as 80, Pueblo Santa Cruz Meyehualco 09700, CDMX<\/p><\/div>\n\t\t\t\t<\/div>\n\t\t\t\t<\/div>\n\t\t\t\t\t\t<\/div>\n\t\t\t\t\t<\/div>\n\t\t<\/div>\n\t\t\t\t<div class=\"elementor-column elementor-col-33 elementor-inner-column elementor-element elementor-element-5cb244e9\" data-id=\"5cb244e9\" data-element_type=\"column\">\n\t\t\t<div class=\"elementor-column-wrap elementor-element-populated\">\n\t\t\t\t\t\t\t<div class=\"elementor-widget-wrap\">\n\t\t\t\t\t\t<div class=\"elementor-element elementor-element-28bcd7d0 elementor-widget elementor-widget-heading\" data-id=\"28bcd7d0\" data-element_type=\"widget\" data-widget_type=\"heading.default\">\n\t\t\t\t<div class=\"elementor-widget-container\">\n\t\t\t<h6 class=\"elementor-heading-title elementor-size-default\">Horario<\/h6>\t\t<\/div>\n\t\t\t\t<\/div>\n\t\t\t\t<div class=\"elementor-element elementor-element-36ced3b1 elementor-widget elementor-widget-text-editor\" data-id=\"36ced3b1\" data-element_type=\"widget\" data-widget_type=\"text-editor.default\">\n\t\t\t\t<div class=\"elementor-widget-container\">\n\t\t\t\t\t<div class=\"elementor-text-editor elementor-clearfix\"><p>8:30 &#8211; 18.30\u00a0<br \/>Lunes-Viernes<\/p><\/div>\n\t\t\t\t<\/div>\n\t\t\t\t<\/div>\n\t\t\t\t\t\t<\/div>\n\t\t\t\t\t<\/div>\n\t\t<\/div>\n\t\t\t\t<div class=\"elementor-column elementor-col-33 elementor-inner-column elementor-element elementor-element-797a8607\" data-id=\"797a8607\" data-element_type=\"column\">\n\t\t\t<div class=\"elementor-column-wrap elementor-element-populated\">\n\t\t\t\t\t\t\t<div class=\"elementor-widget-wrap\">\n\t\t\t\t\t\t<div class=\"elementor-element elementor-element-1991611a elementor-widget elementor-widget-heading\" data-id=\"1991611a\" data-element_type=\"widget\" data-widget_type=\"heading.default\">\n\t\t\t\t<div class=\"elementor-widget-container\">\n\t\t\t<h6 class=\"elementor-heading-title elementor-size-default\">Cont\u00e1ctanos<\/h6>\t\t<\/div>\n\t\t\t\t<\/div>\n\t\t\t\t<div class=\"elementor-element elementor-element-20b5b68e elementor-widget elementor-widget-text-editor\" data-id=\"20b5b68e\" data-element_type=\"widget\" data-widget_type=\"text-editor.default\">\n\t\t\t\t<div class=\"elementor-widget-container\">\n\t\t\t\t\t<div class=\"elementor-text-editor elementor-clearfix\"><p>Tel\u00e9fono: +52 55-69-68-18-78<br \/>Email: ventas@ecp-h.com<\/p><\/div>\n\t\t\t\t<\/div>\n\t\t\t\t<\/div>\n\t\t\t\t\t\t<\/div>\n\t\t\t\t\t<\/div>\n\t\t<\/div>\n\t\t\t\t\t\t\t\t<\/div>\n\t\t\t\t\t<\/div>\n\t\t<\/section>\n\t\t\t\t<div class=\"elementor-element elementor-element-372dd577 elementor-shape-rounded elementor-grid-0 elementor-widget elementor-widget-social-icons\" data-id=\"372dd577\" data-element_type=\"widget\" data-widget_type=\"social-icons.default\">\n\t\t\t\t<div class=\"elementor-widget-container\">\n\t\t\t\t\t<div class=\"elementor-social-icons-wrapper elementor-grid\">\n\t\t\t\t\t\t\t<div class=\"elementor-grid-item\">\n\t\t\t\t\t<a class=\"elementor-icon elementor-social-icon elementor-social-icon-facebook-f elementor-animation-grow elementor-repeater-item-9c86cde\" href=\"https:\/\/www.facebook.com\/Gr%C3%BAas-Viajeras-y-Polipastos-Electrificaciones-y-Carga-P-H-SA-de-CV-108443294224346\" target=\"_blank\">\n\t\t\t\t\t\t<span class=\"elementor-screen-only\">Facebook-f<\/span>\n\t\t\t\t\t\t<i class=\"fab fa-facebook-f\"><\/i>\t\t\t\t\t<\/a>\n\t\t\t\t<\/div>\n\t\t\t\t\t\t\t<div class=\"elementor-grid-item\">\n\t\t\t\t\t<a class=\"elementor-icon elementor-social-icon elementor-social-icon-linkedin elementor-animation-grow elementor-repeater-item-7e7b030\" href=\"https:\/\/www.linkedin.com\/in\/electrificaciones-y-carga-p-h-s-a-de-c-v-97b28b133\" target=\"_blank\">\n\t\t\t\t\t\t<span class=\"elementor-screen-only\">Linkedin<\/span>\n\t\t\t\t\t\t<i class=\"fab fa-linkedin\"><\/i>\t\t\t\t\t<\/a>\n\t\t\t\t<\/div>\n\t\t\t\t\t<\/div>\n\t\t\t\t<\/div>\n\t\t\t\t<\/div>\n\t\t\t\t\t\t<\/div>\n\t\t\t\t\t<\/div>\n\t\t<\/div>\n\t\t\t\t\t\t\t\t<\/div>\n\t\t\t\t\t<\/div>\n\t\t<\/section>\n\t\t\t\t\t\t<\/div>\n\t\t\t\t\t\t<\/div>\n\t\t\t\t\t<\/div>\n\t\t","protected":false},"excerpt":{"rendered":"<p>Barra Conductora L\u00ednea Protegida Unipolar UP-1 El sistema conductor UP es un sistema moderno de conducci\u00f3n el\u00e9ctrica mediante el uso de conductores unipolares aislados.\u00a0 Este sistema provee energ\u00eda el\u00e9ctrica a m\u00e1quinas en movimiento en aplicaciones como puentes gr\u00faa, gr\u00faas de acer\u00edas, gr\u00faas de proceso y similares. El rail conductor est\u00e1 fabricado en aluminio (desde 300 &hellip;<\/p>\n<p class=\"read-more\"> <a class=\"\" href=\"https:\/\/ecp-h.com\/index.php\/barra-conductora\/\"> <span class=\"screen-reader-text\">Barra Conductora<\/span> Leer m\u00e1s &raquo;<\/a><\/p>\n","protected":false},"author":1,"featured_media":0,"parent":0,"menu_order":0,"comment_status":"closed","ping_status":"closed","template":"","meta":{"om_disable_all_campaigns":false,"_monsterinsights_skip_tracking":false,"_monsterinsights_sitenote_active":false,"_monsterinsights_sitenote_note":"","_monsterinsights_sitenote_category":0,"footnotes":""},"class_list":["post-384","page","type-page","status-publish","hentry"],"aioseo_notices":[],"yoast_head":"<!-- This site is optimized with the Yoast SEO plugin v17.3 - https:\/\/yoast.com\/wordpress\/plugins\/seo\/ -->\n<title>Barra Conductora - Electrificaciones y Carga P-H, S.A. de C.V.<\/title>\n<meta name=\"description\" content=\"Sistema de Electrificaci\u00f3n para gr\u00faa viajera y polipastos %\" \/>\n<meta name=\"robots\" content=\"index, follow, max-snippet:-1, max-image-preview:large, max-video-preview:-1\" \/>\n<link rel=\"canonical\" href=\"https:\/\/ecp-h.com\/index.php\/barra-conductora\/\" \/>\n<meta property=\"og:locale\" content=\"es_MX\" \/>\n<meta property=\"og:type\" content=\"article\" \/>\n<meta property=\"og:title\" content=\"Barra Conductora - Electrificaciones y Carga P-H, S.A. de C.V.\" \/>\n<meta property=\"og:description\" content=\"Sistema de Electrificaci\u00f3n para gr\u00faa viajera y polipastos %\" \/>\n<meta property=\"og:url\" content=\"https:\/\/ecp-h.com\/index.php\/barra-conductora\/\" \/>\n<meta property=\"og:site_name\" content=\"Electrificaciones y Carga P-H, S.A. de C.V.\" \/>\n<meta property=\"article:publisher\" content=\"https:\/\/www.facebook.com\/Gr%c3%baas-Viajeras-y-Polipastos-Electrificaciones-y-Carga-P-H-SA-de-CV-108443294224346\" \/>\n<meta property=\"article:modified_time\" content=\"2025-11-19T19:21:18+00:00\" \/>\n<meta property=\"og:image\" content=\"https:\/\/ecp-h.com\/wp-content\/uploads\/2025\/11\/iga-1024x449.jpg\" \/>\n<meta name=\"twitter:card\" content=\"summary_large_image\" \/>\n<meta name=\"twitter:label1\" content=\"Tiempo de lectura\" \/>\n\t<meta name=\"twitter:data1\" content=\"1 minuto\" \/>\n<script type=\"application\/ld+json\" class=\"yoast-schema-graph\">{\"@context\":\"https:\/\/schema.org\",\"@graph\":[{\"@type\":\"Organization\",\"@id\":\"https:\/\/ecp-h.com\/#organization\",\"name\":\"Electrificaciones y Carga P-H, S.A. de C.V.\",\"url\":\"https:\/\/ecp-h.com\/\",\"sameAs\":[\"https:\/\/www.facebook.com\/Gr\\u00faas-Viajeras-y-Polipastos-Electrificaciones-y-Carga-P-H-SA-de-CV-108443294224346\",\"https:\/\/www.linkedin.com\/in\/electrificaciones-y-carga-p-h-s-a-de-c-v-97b28b133\"],\"logo\":{\"@type\":\"ImageObject\",\"@id\":\"https:\/\/ecp-h.com\/#logo\",\"inLanguage\":\"es\",\"url\":\"https:\/\/ecp-h.com\/wp-content\/uploads\/2020\/09\/vertical_y_base_prueba1.jpg\",\"contentUrl\":\"https:\/\/ecp-h.com\/wp-content\/uploads\/2020\/09\/vertical_y_base_prueba1.jpg\",\"width\":396,\"height\":396,\"caption\":\"Electrificaciones y Carga P-H, S.A. de C.V.\"},\"image\":{\"@id\":\"https:\/\/ecp-h.com\/#logo\"}},{\"@type\":\"WebSite\",\"@id\":\"https:\/\/ecp-h.com\/#website\",\"url\":\"https:\/\/ecp-h.com\/\",\"name\":\"Electrificaciones y Carga P-H, S.A. de C.V.\",\"description\":\"Gr\\u00faas VIajeras y Polipastos\",\"publisher\":{\"@id\":\"https:\/\/ecp-h.com\/#organization\"},\"potentialAction\":[{\"@type\":\"SearchAction\",\"target\":{\"@type\":\"EntryPoint\",\"urlTemplate\":\"https:\/\/ecp-h.com\/?s={search_term_string}\"},\"query-input\":\"required name=search_term_string\"}],\"inLanguage\":\"es\"},{\"@type\":\"ImageObject\",\"@id\":\"https:\/\/ecp-h.com\/index.php\/barra-conductora\/#primaryimage\",\"inLanguage\":\"es\",\"url\":\"https:\/\/ecp-h.com\/wp-content\/uploads\/2025\/11\/iga-scaled.jpg\",\"contentUrl\":\"https:\/\/ecp-h.com\/wp-content\/uploads\/2025\/11\/iga-scaled.jpg\",\"width\":2560,\"height\":1124},{\"@type\":\"WebPage\",\"@id\":\"https:\/\/ecp-h.com\/index.php\/barra-conductora\/#webpage\",\"url\":\"https:\/\/ecp-h.com\/index.php\/barra-conductora\/\",\"name\":\"Barra Conductora - Electrificaciones y Carga P-H, S.A. de C.V.\",\"isPartOf\":{\"@id\":\"https:\/\/ecp-h.com\/#website\"},\"primaryImageOfPage\":{\"@id\":\"https:\/\/ecp-h.com\/index.php\/barra-conductora\/#primaryimage\"},\"datePublished\":\"2020-09-28T17:32:47+00:00\",\"dateModified\":\"2025-11-19T19:21:18+00:00\",\"description\":\"Sistema de Electrificaci\\u00f3n para gr\\u00faa viajera y polipastos %\",\"breadcrumb\":{\"@id\":\"https:\/\/ecp-h.com\/index.php\/barra-conductora\/#breadcrumb\"},\"inLanguage\":\"es\",\"potentialAction\":[{\"@type\":\"ReadAction\",\"target\":[\"https:\/\/ecp-h.com\/index.php\/barra-conductora\/\"]}]},{\"@type\":\"BreadcrumbList\",\"@id\":\"https:\/\/ecp-h.com\/index.php\/barra-conductora\/#breadcrumb\",\"itemListElement\":[{\"@type\":\"ListItem\",\"position\":1,\"name\":\"Inicio\",\"item\":\"https:\/\/ecp-h.com\/\"},{\"@type\":\"ListItem\",\"position\":2,\"name\":\"Barra Conductora\"}]}]}<\/script>\n<!-- \/ Yoast SEO plugin. -->","yoast_head_json":{"title":"Barra Conductora - Electrificaciones y Carga P-H, S.A. de C.V.","description":"Sistema de Electrificaci\u00f3n para gr\u00faa viajera y polipastos %","robots":{"index":"index","follow":"follow","max-snippet":"max-snippet:-1","max-image-preview":"max-image-preview:large","max-video-preview":"max-video-preview:-1"},"canonical":"https:\/\/ecp-h.com\/index.php\/barra-conductora\/","og_locale":"es_MX","og_type":"article","og_title":"Barra Conductora - Electrificaciones y Carga P-H, S.A. de C.V.","og_description":"Sistema de Electrificaci\u00f3n para gr\u00faa viajera y polipastos %","og_url":"https:\/\/ecp-h.com\/index.php\/barra-conductora\/","og_site_name":"Electrificaciones y Carga P-H, S.A. de C.V.","article_publisher":"https:\/\/www.facebook.com\/Gr%c3%baas-Viajeras-y-Polipastos-Electrificaciones-y-Carga-P-H-SA-de-CV-108443294224346","article_modified_time":"2025-11-19T19:21:18+00:00","og_image":[{"url":"https:\/\/ecp-h.com\/wp-content\/uploads\/2025\/11\/iga-1024x449.jpg"}],"twitter_card":"summary_large_image","twitter_misc":{"Tiempo de lectura":"1 minuto"},"schema":{"@context":"https:\/\/schema.org","@graph":[{"@type":"Organization","@id":"https:\/\/ecp-h.com\/#organization","name":"Electrificaciones y Carga P-H, S.A. de C.V.","url":"https:\/\/ecp-h.com\/","sameAs":["https:\/\/www.facebook.com\/Gr\u00faas-Viajeras-y-Polipastos-Electrificaciones-y-Carga-P-H-SA-de-CV-108443294224346","https:\/\/www.linkedin.com\/in\/electrificaciones-y-carga-p-h-s-a-de-c-v-97b28b133"],"logo":{"@type":"ImageObject","@id":"https:\/\/ecp-h.com\/#logo","inLanguage":"es","url":"https:\/\/ecp-h.com\/wp-content\/uploads\/2020\/09\/vertical_y_base_prueba1.jpg","contentUrl":"https:\/\/ecp-h.com\/wp-content\/uploads\/2020\/09\/vertical_y_base_prueba1.jpg","width":396,"height":396,"caption":"Electrificaciones y Carga P-H, S.A. de C.V."},"image":{"@id":"https:\/\/ecp-h.com\/#logo"}},{"@type":"WebSite","@id":"https:\/\/ecp-h.com\/#website","url":"https:\/\/ecp-h.com\/","name":"Electrificaciones y Carga P-H, S.A. de C.V.","description":"Gr\u00faas VIajeras y Polipastos","publisher":{"@id":"https:\/\/ecp-h.com\/#organization"},"potentialAction":[{"@type":"SearchAction","target":{"@type":"EntryPoint","urlTemplate":"https:\/\/ecp-h.com\/?s={search_term_string}"},"query-input":"required name=search_term_string"}],"inLanguage":"es"},{"@type":"ImageObject","@id":"https:\/\/ecp-h.com\/index.php\/barra-conductora\/#primaryimage","inLanguage":"es","url":"https:\/\/ecp-h.com\/wp-content\/uploads\/2025\/11\/iga-scaled.jpg","contentUrl":"https:\/\/ecp-h.com\/wp-content\/uploads\/2025\/11\/iga-scaled.jpg","width":2560,"height":1124},{"@type":"WebPage","@id":"https:\/\/ecp-h.com\/index.php\/barra-conductora\/#webpage","url":"https:\/\/ecp-h.com\/index.php\/barra-conductora\/","name":"Barra Conductora - Electrificaciones y Carga P-H, S.A. de C.V.","isPartOf":{"@id":"https:\/\/ecp-h.com\/#website"},"primaryImageOfPage":{"@id":"https:\/\/ecp-h.com\/index.php\/barra-conductora\/#primaryimage"},"datePublished":"2020-09-28T17:32:47+00:00","dateModified":"2025-11-19T19:21:18+00:00","description":"Sistema de Electrificaci\u00f3n para gr\u00faa viajera y polipastos %","breadcrumb":{"@id":"https:\/\/ecp-h.com\/index.php\/barra-conductora\/#breadcrumb"},"inLanguage":"es","potentialAction":[{"@type":"ReadAction","target":["https:\/\/ecp-h.com\/index.php\/barra-conductora\/"]}]},{"@type":"BreadcrumbList","@id":"https:\/\/ecp-h.com\/index.php\/barra-conductora\/#breadcrumb","itemListElement":[{"@type":"ListItem","position":1,"name":"Inicio","item":"https:\/\/ecp-h.com\/"},{"@type":"ListItem","position":2,"name":"Barra Conductora"}]}]}},"jetpack-related-posts":[],"jetpack_shortlink":"https:\/\/wp.me\/PcpRnm-6c","jetpack_sharing_enabled":true,"_links":{"self":[{"href":"https:\/\/ecp-h.com\/index.php\/wp-json\/wp\/v2\/pages\/384"}],"collection":[{"href":"https:\/\/ecp-h.com\/index.php\/wp-json\/wp\/v2\/pages"}],"about":[{"href":"https:\/\/ecp-h.com\/index.php\/wp-json\/wp\/v2\/types\/page"}],"author":[{"embeddable":true,"href":"https:\/\/ecp-h.com\/index.php\/wp-json\/wp\/v2\/users\/1"}],"replies":[{"embeddable":true,"href":"https:\/\/ecp-h.com\/index.php\/wp-json\/wp\/v2\/comments?post=384"}],"version-history":[{"count":10,"href":"https:\/\/ecp-h.com\/index.php\/wp-json\/wp\/v2\/pages\/384\/revisions"}],"predecessor-version":[{"id":1392,"href":"https:\/\/ecp-h.com\/index.php\/wp-json\/wp\/v2\/pages\/384\/revisions\/1392"}],"wp:attachment":[{"href":"https:\/\/ecp-h.com\/index.php\/wp-json\/wp\/v2\/media?parent=384"}],"curies":[{"name":"wp","href":"https:\/\/api.w.org\/{rel}","templated":true}]}}