{"id":167,"date":"2020-09-17T19:14:37","date_gmt":"2020-09-17T19:14:37","guid":{"rendered":"http:\/\/ecph.local\/?page_id=167"},"modified":"2020-10-07T17:48:50","modified_gmt":"2020-10-07T17:48:50","slug":"contacto","status":"publish","type":"page","link":"https:\/\/ecp-h.com\/index.php\/contacto\/","title":{"rendered":"Contacto"},"content":{"rendered":"\t\t<div data-elementor-type=\"wp-page\" data-elementor-id=\"167\" class=\"elementor elementor-167\" data-elementor-settings=\"[]\">\n\t\t\t\t\t\t<div class=\"elementor-inner\">\n\t\t\t\t\t\t\t<div class=\"elementor-section-wrap\">\n\t\t\t\t\t\t\t<section class=\"elementor-section elementor-top-section elementor-element elementor-element-0977fdb elementor-section-boxed elementor-section-height-default elementor-section-height-default\" data-id=\"0977fdb\" data-element_type=\"section\">\n\t\t\t\t\t\t<div class=\"elementor-container elementor-column-gap-default\">\n\t\t\t\t\t\t\t<div class=\"elementor-row\">\n\t\t\t\t\t<div class=\"elementor-column elementor-col-100 elementor-top-column elementor-element elementor-element-bffc373\" data-id=\"bffc373\" data-element_type=\"column\">\n\t\t\t<div class=\"elementor-column-wrap elementor-element-populated\">\n\t\t\t\t\t\t\t<div class=\"elementor-widget-wrap\">\n\t\t\t\t\t\t<div class=\"elementor-element elementor-element-b261080 elementor-widget-divider--view-line_text elementor-widget-divider--element-align-center elementor-widget elementor-widget-divider\" data-id=\"b261080\" data-element_type=\"widget\" data-widget_type=\"divider.default\">\n\t\t\t\t<div class=\"elementor-widget-container\">\n\t\t\t\t\t<div class=\"elementor-divider\">\n\t\t\t<span class=\"elementor-divider-separator\">\n\t\t\t\t\t\t\t<span class=\"elementor-divider__text elementor-divider__element\">CONT\u00c1CTANOS<\/span>\n\t\t\t\t\t\t<\/span>\n\t\t<\/div>\n\t\t\t\t<\/div>\n\t\t\t\t<\/div>\n\t\t\t\t\t\t<\/div>\n\t\t\t\t\t<\/div>\n\t\t<\/div>\n\t\t\t\t\t\t\t\t<\/div>\n\t\t\t\t\t<\/div>\n\t\t<\/section>\n\t\t\t\t<section class=\"elementor-section elementor-top-section elementor-element elementor-element-cadfff9 elementor-section-boxed elementor-section-height-default elementor-section-height-default\" data-id=\"cadfff9\" data-element_type=\"section\">\n\t\t\t\t\t\t<div class=\"elementor-container elementor-column-gap-default\">\n\t\t\t\t\t\t\t<div class=\"elementor-row\">\n\t\t\t\t\t<div class=\"elementor-column elementor-col-100 elementor-top-column elementor-element elementor-element-fc6029f\" data-id=\"fc6029f\" data-element_type=\"column\">\n\t\t\t<div class=\"elementor-column-wrap elementor-element-populated\">\n\t\t\t\t\t\t\t<div class=\"elementor-widget-wrap\">\n\t\t\t\t\t\t<div class=\"elementor-element elementor-element-2a6bd43 elementor-widget elementor-widget-heading\" data-id=\"2a6bd43\" data-element_type=\"widget\" data-widget_type=\"heading.default\">\n\t\t\t\t<div class=\"elementor-widget-container\">\n\t\t\t<h2 class=\"elementor-heading-title elementor-size-default\">\u00bfNecesitas una cotizaci\u00f3n o asesor\u00eda?<\/h2>\t\t<\/div>\n\t\t\t\t<\/div>\n\t\t\t\t<div class=\"elementor-element elementor-element-7ebfd9f elementor-widget-divider--view-line elementor-widget elementor-widget-divider\" data-id=\"7ebfd9f\" data-element_type=\"widget\" data-widget_type=\"divider.default\">\n\t\t\t\t<div class=\"elementor-widget-container\">\n\t\t\t\t\t<div class=\"elementor-divider\">\n\t\t\t<span class=\"elementor-divider-separator\">\n\t\t\t\t\t\t<\/span>\n\t\t<\/div>\n\t\t\t\t<\/div>\n\t\t\t\t<\/div>\n\t\t\t\t\t\t<\/div>\n\t\t\t\t\t<\/div>\n\t\t<\/div>\n\t\t\t\t\t\t\t\t<\/div>\n\t\t\t\t\t<\/div>\n\t\t<\/section>\n\t\t\t\t<section class=\"elementor-section elementor-top-section elementor-element elementor-element-a7f3ac3 elementor-section-boxed elementor-section-height-default elementor-section-height-default\" data-id=\"a7f3ac3\" data-element_type=\"section\">\n\t\t\t\t\t\t<div class=\"elementor-container elementor-column-gap-default\">\n\t\t\t\t\t\t\t<div class=\"elementor-row\">\n\t\t\t\t\t<div class=\"elementor-column elementor-col-100 elementor-top-column elementor-element elementor-element-8c86dfb\" data-id=\"8c86dfb\" data-element_type=\"column\">\n\t\t\t<div class=\"elementor-column-wrap elementor-element-populated\">\n\t\t\t\t\t\t\t<div class=\"elementor-widget-wrap\">\n\t\t\t\t\t\t<div class=\"elementor-element elementor-element-1373227 elementor-widget elementor-widget-wpforms\" data-id=\"1373227\" data-element_type=\"widget\" data-widget_type=\"wpforms.default\">\n\t\t\t\t<div class=\"elementor-widget-container\">\n\t\t\t<div class=\"wpforms-container wpforms-container-full\" id=\"wpforms-468\"><form id=\"wpforms-form-468\" class=\"wpforms-validate wpforms-form\" data-formid=\"468\" method=\"post\" enctype=\"multipart\/form-data\" action=\"\/index.php\/wp-json\/wp\/v2\/pages\/167\" data-token=\"59a705c31b8b8da8c19f5d994086e539\" data-token-time=\"1778348911\"><noscript class=\"wpforms-error-noscript\">Por favor, activa JavaScript en tu navegador para completar este formulario.<\/noscript><div class=\"wpforms-field-container\"><div id=\"wpforms-468-field_10-container\" class=\"wpforms-field wpforms-field-name\" data-field-id=\"10\"><label class=\"wpforms-field-label\">Nombre <span class=\"wpforms-required-label\">*<\/span><\/label><div class=\"wpforms-field-row wpforms-field-medium\"><div class=\"wpforms-field-row-block wpforms-first wpforms-one-half\"><input type=\"text\" id=\"wpforms-468-field_10\" class=\"wpforms-field-name-first wpforms-field-required\" name=\"wpforms[fields][10][first]\" required><label for=\"wpforms-468-field_10\" class=\"wpforms-field-sublabel after\">Nombre<\/label><\/div><div class=\"wpforms-field-row-block wpforms-one-half\"><input type=\"text\" id=\"wpforms-468-field_10-last\" class=\"wpforms-field-name-last wpforms-field-required\" name=\"wpforms[fields][10][last]\" required><label for=\"wpforms-468-field_10-last\" class=\"wpforms-field-sublabel after\">Apellidos<\/label><\/div><\/div><\/div><div id=\"wpforms-468-field_11-container\" class=\"wpforms-field wpforms-field-email\" data-field-id=\"11\"><label class=\"wpforms-field-label\" for=\"wpforms-468-field_11\">Correo electr\u00f3nico <span class=\"wpforms-required-label\">*<\/span><\/label><input type=\"email\" id=\"wpforms-468-field_11\" class=\"wpforms-field-medium wpforms-field-required\" name=\"wpforms[fields][11]\" spellcheck=\"false\" required><\/div><div id=\"wpforms-468-field_6-container\" class=\"wpforms-field wpforms-field-number\" data-field-id=\"6\"><label class=\"wpforms-field-label\" for=\"wpforms-468-field_6\">Tel\u00e9fono<\/label><input type=\"number\" id=\"wpforms-468-field_6\" class=\"wpforms-field-small\" name=\"wpforms[fields][6]\" step=\"any\" ><\/div><div id=\"wpforms-468-field_5-container\" class=\"wpforms-field wpforms-field-select wpforms-field-select-style-classic\" data-field-id=\"5\"><label class=\"wpforms-field-label\" for=\"wpforms-468-field_5\">Inter\u00e9s <span class=\"wpforms-required-label\">*<\/span><\/label><select id=\"wpforms-468-field_5\" class=\"wpforms-field-medium wpforms-field-required\" name=\"wpforms[fields][5]\" required=\"required\"><option value=\"Sistema de Electrificaci\u00f3n\"  class=\"choice-1 depth-1\"  >Sistema de Electrificaci\u00f3n<\/option><option value=\"Polipastos \"  class=\"choice-2 depth-1\"  >Polipastos<\/option><option value=\"Componentes para Gr\u00faa\"  class=\"choice-3 depth-1\"  >Componentes para Gr\u00faa<\/option><option value=\"Otro\"  class=\"choice-6 depth-1\"  >Otro<\/option><\/select><\/div><div id=\"wpforms-468-field_7-container\" class=\"wpforms-field wpforms-field-textarea\" data-field-id=\"7\"><label class=\"wpforms-field-label\" for=\"wpforms-468-field_7\">Mensaje<\/label><textarea id=\"wpforms-468-field_7\" class=\"wpforms-field-medium\" name=\"wpforms[fields][7]\" ><\/textarea><\/div><\/div><!-- .wpforms-field-container --><div class=\"wpforms-recaptcha-container wpforms-is-hcaptcha\" ><div class=\"h-captcha\" data-sitekey=\"2bd6b751-0ea5-489d-93d2-67009ab93340\"><\/div><input type=\"text\" name=\"g-recaptcha-hidden\" class=\"wpforms-recaptcha-hidden\" style=\"position:absolute!important;clip:rect(0,0,0,0)!important;height:1px!important;width:1px!important;border:0!important;overflow:hidden!important;padding:0!important;margin:0!important;\" data-rule-hcaptcha=\"1\"><\/div><div class=\"wpforms-submit-container\" ><input type=\"hidden\" name=\"wpforms[id]\" value=\"468\"><input type=\"hidden\" name=\"page_title\" value=\"\"><input type=\"hidden\" name=\"page_url\" value=\"https:\/\/ecp-h.com\/index.php\/wp-json\/wp\/v2\/pages\/167\"><input type=\"hidden\" name=\"url_referer\" value=\"\"><button type=\"submit\" name=\"wpforms[submit]\" id=\"wpforms-submit-468\" class=\"wpforms-submit\" data-alt-text=\"Enviando...\" data-submit-text=\"Enviar\" aria-live=\"assertive\" value=\"wpforms-submit\">Enviar<\/button><\/div><\/form><\/div>  <!-- .wpforms-container -->\t\t<\/div>\n\t\t\t\t<\/div>\n\t\t\t\t\t\t<\/div>\n\t\t\t\t\t<\/div>\n\t\t<\/div>\n\t\t\t\t\t\t\t\t<\/div>\n\t\t\t\t\t<\/div>\n\t\t<\/section>\n\t\t\t\t<section class=\"elementor-section elementor-top-section elementor-element elementor-element-6471de51 elementor-section-full_width elementor-section-height-default elementor-section-height-default\" data-id=\"6471de51\" data-element_type=\"section\" data-settings=\"{&quot;background_background&quot;:&quot;classic&quot;}\">\n\t\t\t\t\t\t<div class=\"elementor-container elementor-column-gap-no\">\n\t\t\t\t\t\t\t<div class=\"elementor-row\">\n\t\t\t\t\t<div class=\"elementor-column elementor-col-100 elementor-top-column elementor-element elementor-element-2c29e4c\" data-id=\"2c29e4c\" data-element_type=\"column\">\n\t\t\t<div class=\"elementor-column-wrap elementor-element-populated\">\n\t\t\t\t\t\t\t<div class=\"elementor-widget-wrap\">\n\t\t\t\t\t\t<div class=\"elementor-element elementor-element-ffca5b elementor-widget elementor-widget-google_maps\" data-id=\"ffca5b\" data-element_type=\"widget\" data-widget_type=\"google_maps.default\">\n\t\t\t\t<div class=\"elementor-widget-container\">\n\t\t\t<div class=\"elementor-custom-embed\"><iframe frameborder=\"0\" scrolling=\"no\" marginheight=\"0\" marginwidth=\"0\" src=\"https:\/\/maps.google.com\/maps?q=Manuel%20Ca%C3%B1as%2086%2C%20Sta%20Cruz%20Meyehualco%2C%20Iztapalapa%2C%2009700%20Ciudad%20de%20M%C3%A9xico%2C%20CDMX&amp;t=m&amp;z=15&amp;output=embed&amp;iwloc=near\" title=\"Manuel Ca\u00f1as 86, Sta Cruz Meyehualco, Iztapalapa, 09700 Ciudad de M\u00e9xico, CDMX\" aria-label=\"Manuel Ca\u00f1as 86, Sta Cruz Meyehualco, Iztapalapa, 09700 Ciudad de M\u00e9xico, CDMX\"><\/iframe><\/div>\t\t<\/div>\n\t\t\t\t<\/div>\n\t\t\t\t<section class=\"elementor-section elementor-inner-section elementor-element elementor-element-57a1232f elementor-section-content-middle elementor-section-boxed elementor-section-height-default elementor-section-height-default\" data-id=\"57a1232f\" data-element_type=\"section\">\n\t\t\t\t\t\t<div class=\"elementor-container elementor-column-gap-no\">\n\t\t\t\t\t\t\t<div class=\"elementor-row\">\n\t\t\t\t\t<div class=\"elementor-column elementor-col-33 elementor-inner-column elementor-element elementor-element-7b6f9bca\" data-id=\"7b6f9bca\" data-element_type=\"column\">\n\t\t\t<div class=\"elementor-column-wrap elementor-element-populated\">\n\t\t\t\t\t\t\t<div class=\"elementor-widget-wrap\">\n\t\t\t\t\t\t<div class=\"elementor-element elementor-element-30a6f0d0 elementor-widget elementor-widget-heading\" data-id=\"30a6f0d0\" data-element_type=\"widget\" data-widget_type=\"heading.default\">\n\t\t\t\t<div class=\"elementor-widget-container\">\n\t\t\t<h6 class=\"elementor-heading-title elementor-size-default\">Ubicaci\u00f3n<\/h6>\t\t<\/div>\n\t\t\t\t<\/div>\n\t\t\t\t<div class=\"elementor-element elementor-element-67a776c0 elementor-widget elementor-widget-text-editor\" data-id=\"67a776c0\" data-element_type=\"widget\" data-widget_type=\"text-editor.default\">\n\t\t\t\t<div class=\"elementor-widget-container\">\n\t\t\t\t\t<div class=\"elementor-text-editor elementor-clearfix\"><p>Manuel Ca\u00f1as 80, Pueblo Santa Cruz Meyehualco 09700, CDMX<\/p><\/div>\n\t\t\t\t<\/div>\n\t\t\t\t<\/div>\n\t\t\t\t\t\t<\/div>\n\t\t\t\t\t<\/div>\n\t\t<\/div>\n\t\t\t\t<div class=\"elementor-column elementor-col-33 elementor-inner-column elementor-element elementor-element-4fcb57d7\" data-id=\"4fcb57d7\" data-element_type=\"column\">\n\t\t\t<div class=\"elementor-column-wrap elementor-element-populated\">\n\t\t\t\t\t\t\t<div class=\"elementor-widget-wrap\">\n\t\t\t\t\t\t<div class=\"elementor-element elementor-element-5fb016ea elementor-widget elementor-widget-heading\" data-id=\"5fb016ea\" data-element_type=\"widget\" data-widget_type=\"heading.default\">\n\t\t\t\t<div class=\"elementor-widget-container\">\n\t\t\t<h6 class=\"elementor-heading-title elementor-size-default\">Horario<\/h6>\t\t<\/div>\n\t\t\t\t<\/div>\n\t\t\t\t<div class=\"elementor-element elementor-element-157c9dab elementor-widget elementor-widget-text-editor\" data-id=\"157c9dab\" data-element_type=\"widget\" data-widget_type=\"text-editor.default\">\n\t\t\t\t<div class=\"elementor-widget-container\">\n\t\t\t\t\t<div class=\"elementor-text-editor elementor-clearfix\"><p>8:30 &#8211; 18.30\u00a0<br \/>Lunes-Viernes<\/p><\/div>\n\t\t\t\t<\/div>\n\t\t\t\t<\/div>\n\t\t\t\t\t\t<\/div>\n\t\t\t\t\t<\/div>\n\t\t<\/div>\n\t\t\t\t<div class=\"elementor-column elementor-col-33 elementor-inner-column elementor-element elementor-element-708eb038\" data-id=\"708eb038\" data-element_type=\"column\">\n\t\t\t<div class=\"elementor-column-wrap elementor-element-populated\">\n\t\t\t\t\t\t\t<div class=\"elementor-widget-wrap\">\n\t\t\t\t\t\t<div class=\"elementor-element elementor-element-158d7720 elementor-widget elementor-widget-heading\" data-id=\"158d7720\" data-element_type=\"widget\" data-widget_type=\"heading.default\">\n\t\t\t\t<div class=\"elementor-widget-container\">\n\t\t\t<h6 class=\"elementor-heading-title elementor-size-default\">Cont\u00e1ctanos<\/h6>\t\t<\/div>\n\t\t\t\t<\/div>\n\t\t\t\t<div class=\"elementor-element elementor-element-73412c8c elementor-widget elementor-widget-text-editor\" data-id=\"73412c8c\" data-element_type=\"widget\" data-widget_type=\"text-editor.default\">\n\t\t\t\t<div class=\"elementor-widget-container\">\n\t\t\t\t\t<div class=\"elementor-text-editor elementor-clearfix\"><p>Tel\u00e9fono: +52 4433990478<br \/>Email: jlpo@att.net.mx<\/p><\/div>\n\t\t\t\t<\/div>\n\t\t\t\t<\/div>\n\t\t\t\t\t\t<\/div>\n\t\t\t\t\t<\/div>\n\t\t<\/div>\n\t\t\t\t\t\t\t\t<\/div>\n\t\t\t\t\t<\/div>\n\t\t<\/section>\n\t\t\t\t<div class=\"elementor-element elementor-element-3d4c5cb4 elementor-shape-rounded elementor-grid-0 elementor-widget elementor-widget-social-icons\" data-id=\"3d4c5cb4\" data-element_type=\"widget\" data-widget_type=\"social-icons.default\">\n\t\t\t\t<div class=\"elementor-widget-container\">\n\t\t\t\t\t<div class=\"elementor-social-icons-wrapper elementor-grid\">\n\t\t\t\t\t\t\t<div class=\"elementor-grid-item\">\n\t\t\t\t\t<a class=\"elementor-icon elementor-social-icon elementor-social-icon-facebook-f elementor-animation-grow elementor-repeater-item-9c86cde\" href=\"https:\/\/www.facebook.com\/Gr%C3%BAas-Viajeras-y-Polipastos-Electrificaciones-y-Carga-P-H-SA-de-CV-108443294224346\" target=\"_blank\">\n\t\t\t\t\t\t<span class=\"elementor-screen-only\">Facebook-f<\/span>\n\t\t\t\t\t\t<i class=\"fab fa-facebook-f\"><\/i>\t\t\t\t\t<\/a>\n\t\t\t\t<\/div>\n\t\t\t\t\t\t\t<div class=\"elementor-grid-item\">\n\t\t\t\t\t<a class=\"elementor-icon elementor-social-icon elementor-social-icon-linkedin elementor-animation-grow elementor-repeater-item-7e7b030\" href=\"https:\/\/www.linkedin.com\/in\/electrificaciones-y-carga-p-h-s-a-de-c-v-97b28b133\" target=\"_blank\">\n\t\t\t\t\t\t<span class=\"elementor-screen-only\">Linkedin<\/span>\n\t\t\t\t\t\t<i class=\"fab fa-linkedin\"><\/i>\t\t\t\t\t<\/a>\n\t\t\t\t<\/div>\n\t\t\t\t\t<\/div>\n\t\t\t\t<\/div>\n\t\t\t\t<\/div>\n\t\t\t\t\t\t<\/div>\n\t\t\t\t\t<\/div>\n\t\t<\/div>\n\t\t\t\t\t\t\t\t<\/div>\n\t\t\t\t\t<\/div>\n\t\t<\/section>\n\t\t\t\t\t\t<\/div>\n\t\t\t\t\t\t<\/div>\n\t\t\t\t\t<\/div>\n\t\t","protected":false},"excerpt":{"rendered":"<p>CONT\u00c1CTANOS \u00bfNecesitas una cotizaci\u00f3n o asesor\u00eda? Ubicaci\u00f3n Manuel Ca\u00f1as 80, Pueblo Santa Cruz Meyehualco 09700, CDMX Horario 8:30 &#8211; 18.30\u00a0Lunes-Viernes Cont\u00e1ctanos Tel\u00e9fono: +52 4433990478Email: jlpo@att.net.mx Facebook-f Linkedin<\/p>\n","protected":false},"author":1,"featured_media":0,"parent":0,"menu_order":0,"comment_status":"closed","ping_status":"closed","template":"","meta":{"om_disable_all_campaigns":false,"_monsterinsights_skip_tracking":false,"_monsterinsights_sitenote_active":false,"_monsterinsights_sitenote_note":"","_monsterinsights_sitenote_category":0,"footnotes":""},"class_list":["post-167","page","type-page","status-publish","hentry"],"aioseo_notices":[],"yoast_head":"<!-- This site is optimized with the Yoast SEO plugin v17.3 - https:\/\/yoast.com\/wordpress\/plugins\/seo\/ -->\n<title>Contacto - Electrificaciones y Carga P-H, S.A. de C.V.<\/title>\n<meta name=\"robots\" content=\"index, follow, max-snippet:-1, max-image-preview:large, max-video-preview:-1\" \/>\n<link rel=\"canonical\" href=\"https:\/\/ecp-h.com\/index.php\/contacto\/\" \/>\n<meta property=\"og:locale\" content=\"es_MX\" \/>\n<meta property=\"og:type\" content=\"article\" \/>\n<meta property=\"og:title\" content=\"Contacto - Electrificaciones y Carga P-H, S.A. de C.V.\" \/>\n<meta property=\"og:description\" content=\"CONT\u00c1CTANOS \u00bfNecesitas una cotizaci\u00f3n o asesor\u00eda? Ubicaci\u00f3n Manuel Ca\u00f1as 80, Pueblo Santa Cruz Meyehualco 09700, CDMX Horario 8:30 &#8211; 18.30\u00a0Lunes-Viernes Cont\u00e1ctanos Tel\u00e9fono: +52 4433990478Email: jlpo@att.net.mx Facebook-f Linkedin\" \/>\n<meta property=\"og:url\" content=\"https:\/\/ecp-h.com\/index.php\/contacto\/\" \/>\n<meta property=\"og:site_name\" content=\"Electrificaciones y Carga P-H, S.A. de C.V.\" \/>\n<meta property=\"article:publisher\" content=\"https:\/\/www.facebook.com\/Gr%c3%baas-Viajeras-y-Polipastos-Electrificaciones-y-Carga-P-H-SA-de-CV-108443294224346\" \/>\n<meta property=\"article:modified_time\" content=\"2020-10-07T17:48:50+00:00\" \/>\n<meta property=\"og:image\" content=\"https:\/\/ecp-h.com\/wp-content\/uploads\/2020\/10\/logosinfondo.jpg\" \/>\n\t<meta property=\"og:image:width\" content=\"1980\" \/>\n\t<meta property=\"og:image:height\" content=\"1302\" \/>\n<meta name=\"twitter:card\" content=\"summary_large_image\" \/>\n<script type=\"application\/ld+json\" class=\"yoast-schema-graph\">{\"@context\":\"https:\/\/schema.org\",\"@graph\":[{\"@type\":\"Organization\",\"@id\":\"https:\/\/ecp-h.com\/#organization\",\"name\":\"Electrificaciones y Carga P-H, S.A. de C.V.\",\"url\":\"https:\/\/ecp-h.com\/\",\"sameAs\":[\"https:\/\/www.facebook.com\/Gr\\u00faas-Viajeras-y-Polipastos-Electrificaciones-y-Carga-P-H-SA-de-CV-108443294224346\",\"https:\/\/www.linkedin.com\/in\/electrificaciones-y-carga-p-h-s-a-de-c-v-97b28b133\"],\"logo\":{\"@type\":\"ImageObject\",\"@id\":\"https:\/\/ecp-h.com\/#logo\",\"inLanguage\":\"es\",\"url\":\"https:\/\/ecp-h.com\/wp-content\/uploads\/2020\/09\/vertical_y_base_prueba1.jpg\",\"contentUrl\":\"https:\/\/ecp-h.com\/wp-content\/uploads\/2020\/09\/vertical_y_base_prueba1.jpg\",\"width\":396,\"height\":396,\"caption\":\"Electrificaciones y Carga P-H, S.A. de C.V.\"},\"image\":{\"@id\":\"https:\/\/ecp-h.com\/#logo\"}},{\"@type\":\"WebSite\",\"@id\":\"https:\/\/ecp-h.com\/#website\",\"url\":\"https:\/\/ecp-h.com\/\",\"name\":\"Electrificaciones y Carga P-H, S.A. de C.V.\",\"description\":\"Gr\\u00faas VIajeras y Polipastos\",\"publisher\":{\"@id\":\"https:\/\/ecp-h.com\/#organization\"},\"potentialAction\":[{\"@type\":\"SearchAction\",\"target\":{\"@type\":\"EntryPoint\",\"urlTemplate\":\"https:\/\/ecp-h.com\/?s={search_term_string}\"},\"query-input\":\"required name=search_term_string\"}],\"inLanguage\":\"es\"},{\"@type\":\"WebPage\",\"@id\":\"https:\/\/ecp-h.com\/index.php\/contacto\/#webpage\",\"url\":\"https:\/\/ecp-h.com\/index.php\/contacto\/\",\"name\":\"Contacto - Electrificaciones y Carga P-H, S.A. de C.V.\",\"isPartOf\":{\"@id\":\"https:\/\/ecp-h.com\/#website\"},\"datePublished\":\"2020-09-17T19:14:37+00:00\",\"dateModified\":\"2020-10-07T17:48:50+00:00\",\"breadcrumb\":{\"@id\":\"https:\/\/ecp-h.com\/index.php\/contacto\/#breadcrumb\"},\"inLanguage\":\"es\",\"potentialAction\":[{\"@type\":\"ReadAction\",\"target\":[\"https:\/\/ecp-h.com\/index.php\/contacto\/\"]}]},{\"@type\":\"BreadcrumbList\",\"@id\":\"https:\/\/ecp-h.com\/index.php\/contacto\/#breadcrumb\",\"itemListElement\":[{\"@type\":\"ListItem\",\"position\":1,\"name\":\"Inicio\",\"item\":\"https:\/\/ecp-h.com\/\"},{\"@type\":\"ListItem\",\"position\":2,\"name\":\"Contacto\"}]}]}<\/script>\n<!-- \/ Yoast SEO plugin. -->","yoast_head_json":{"title":"Contacto - Electrificaciones y Carga P-H, S.A. de C.V.","robots":{"index":"index","follow":"follow","max-snippet":"max-snippet:-1","max-image-preview":"max-image-preview:large","max-video-preview":"max-video-preview:-1"},"canonical":"https:\/\/ecp-h.com\/index.php\/contacto\/","og_locale":"es_MX","og_type":"article","og_title":"Contacto - Electrificaciones y Carga P-H, S.A. de C.V.","og_description":"CONT\u00c1CTANOS \u00bfNecesitas una cotizaci\u00f3n o asesor\u00eda? Ubicaci\u00f3n Manuel Ca\u00f1as 80, Pueblo Santa Cruz Meyehualco 09700, CDMX Horario 8:30 &#8211; 18.30\u00a0Lunes-Viernes Cont\u00e1ctanos Tel\u00e9fono: +52 4433990478Email: jlpo@att.net.mx Facebook-f Linkedin","og_url":"https:\/\/ecp-h.com\/index.php\/contacto\/","og_site_name":"Electrificaciones y Carga P-H, S.A. de C.V.","article_publisher":"https:\/\/www.facebook.com\/Gr%c3%baas-Viajeras-y-Polipastos-Electrificaciones-y-Carga-P-H-SA-de-CV-108443294224346","article_modified_time":"2020-10-07T17:48:50+00:00","og_image":[{"width":1980,"height":1302,"url":"https:\/\/ecp-h.com\/wp-content\/uploads\/2020\/10\/logosinfondo.jpg","type":"image\/jpeg"}],"twitter_card":"summary_large_image","schema":{"@context":"https:\/\/schema.org","@graph":[{"@type":"Organization","@id":"https:\/\/ecp-h.com\/#organization","name":"Electrificaciones y Carga P-H, S.A. de C.V.","url":"https:\/\/ecp-h.com\/","sameAs":["https:\/\/www.facebook.com\/Gr\u00faas-Viajeras-y-Polipastos-Electrificaciones-y-Carga-P-H-SA-de-CV-108443294224346","https:\/\/www.linkedin.com\/in\/electrificaciones-y-carga-p-h-s-a-de-c-v-97b28b133"],"logo":{"@type":"ImageObject","@id":"https:\/\/ecp-h.com\/#logo","inLanguage":"es","url":"https:\/\/ecp-h.com\/wp-content\/uploads\/2020\/09\/vertical_y_base_prueba1.jpg","contentUrl":"https:\/\/ecp-h.com\/wp-content\/uploads\/2020\/09\/vertical_y_base_prueba1.jpg","width":396,"height":396,"caption":"Electrificaciones y Carga P-H, S.A. de C.V."},"image":{"@id":"https:\/\/ecp-h.com\/#logo"}},{"@type":"WebSite","@id":"https:\/\/ecp-h.com\/#website","url":"https:\/\/ecp-h.com\/","name":"Electrificaciones y Carga P-H, S.A. de C.V.","description":"Gr\u00faas VIajeras y Polipastos","publisher":{"@id":"https:\/\/ecp-h.com\/#organization"},"potentialAction":[{"@type":"SearchAction","target":{"@type":"EntryPoint","urlTemplate":"https:\/\/ecp-h.com\/?s={search_term_string}"},"query-input":"required name=search_term_string"}],"inLanguage":"es"},{"@type":"WebPage","@id":"https:\/\/ecp-h.com\/index.php\/contacto\/#webpage","url":"https:\/\/ecp-h.com\/index.php\/contacto\/","name":"Contacto - Electrificaciones y Carga P-H, S.A. de C.V.","isPartOf":{"@id":"https:\/\/ecp-h.com\/#website"},"datePublished":"2020-09-17T19:14:37+00:00","dateModified":"2020-10-07T17:48:50+00:00","breadcrumb":{"@id":"https:\/\/ecp-h.com\/index.php\/contacto\/#breadcrumb"},"inLanguage":"es","potentialAction":[{"@type":"ReadAction","target":["https:\/\/ecp-h.com\/index.php\/contacto\/"]}]},{"@type":"BreadcrumbList","@id":"https:\/\/ecp-h.com\/index.php\/contacto\/#breadcrumb","itemListElement":[{"@type":"ListItem","position":1,"name":"Inicio","item":"https:\/\/ecp-h.com\/"},{"@type":"ListItem","position":2,"name":"Contacto"}]}]}},"jetpack-related-posts":[],"jetpack_shortlink":"https:\/\/wp.me\/PcpRnm-2H","jetpack_sharing_enabled":true,"_links":{"self":[{"href":"https:\/\/ecp-h.com\/index.php\/wp-json\/wp\/v2\/pages\/167"}],"collection":[{"href":"https:\/\/ecp-h.com\/index.php\/wp-json\/wp\/v2\/pages"}],"about":[{"href":"https:\/\/ecp-h.com\/index.php\/wp-json\/wp\/v2\/types\/page"}],"author":[{"embeddable":true,"href":"https:\/\/ecp-h.com\/index.php\/wp-json\/wp\/v2\/users\/1"}],"replies":[{"embeddable":true,"href":"https:\/\/ecp-h.com\/index.php\/wp-json\/wp\/v2\/comments?post=167"}],"version-history":[{"count":13,"href":"https:\/\/ecp-h.com\/index.php\/wp-json\/wp\/v2\/pages\/167\/revisions"}],"predecessor-version":[{"id":825,"href":"https:\/\/ecp-h.com\/index.php\/wp-json\/wp\/v2\/pages\/167\/revisions\/825"}],"wp:attachment":[{"href":"https:\/\/ecp-h.com\/index.php\/wp-json\/wp\/v2\/media?parent=167"}],"curies":[{"name":"wp","href":"https:\/\/api.w.org\/{rel}","templated":true}]}}