{"id":159,"date":"2020-09-17T19:09:27","date_gmt":"2020-09-17T19:09:27","guid":{"rendered":"http:\/\/ecph.local\/?page_id=159"},"modified":"2021-07-30T23:41:19","modified_gmt":"2021-07-30T23:41:19","slug":"nosotros","status":"publish","type":"page","link":"https:\/\/ecp-h.com\/index.php\/nosotros\/","title":{"rendered":"Nosotros"},"content":{"rendered":"\t\t<div data-elementor-type=\"wp-page\" data-elementor-id=\"159\" class=\"elementor elementor-159\" data-elementor-settings=\"[]\">\n\t\t\t\t\t\t<div class=\"elementor-inner\">\n\t\t\t\t\t\t\t<div class=\"elementor-section-wrap\">\n\t\t\t\t\t\t\t<section class=\"elementor-section elementor-top-section elementor-element elementor-element-434a52d3 elementor-section-height-min-height elementor-section-boxed elementor-section-height-default elementor-section-items-middle\" data-id=\"434a52d3\" data-element_type=\"section\" data-settings=\"{&quot;background_background&quot;:&quot;classic&quot;}\">\n\t\t\t\t\t\t<div class=\"elementor-container elementor-column-gap-default\">\n\t\t\t\t\t\t\t<div class=\"elementor-row\">\n\t\t\t\t\t<div class=\"elementor-column elementor-col-100 elementor-top-column elementor-element elementor-element-e57d447\" data-id=\"e57d447\" data-element_type=\"column\">\n\t\t\t<div class=\"elementor-column-wrap elementor-element-populated\">\n\t\t\t\t\t\t\t<div class=\"elementor-widget-wrap\">\n\t\t\t\t\t\t<section class=\"elementor-section elementor-inner-section elementor-element elementor-element-1afa84e elementor-reverse-mobile elementor-section-boxed elementor-section-height-default elementor-section-height-default\" data-id=\"1afa84e\" data-element_type=\"section\" data-settings=\"{&quot;background_background&quot;:&quot;classic&quot;}\">\n\t\t\t\t\t\t<div class=\"elementor-container elementor-column-gap-default\">\n\t\t\t\t\t\t\t<div class=\"elementor-row\">\n\t\t\t\t\t<div class=\"elementor-column elementor-col-100 elementor-inner-column elementor-element elementor-element-5767d2c\" data-id=\"5767d2c\" data-element_type=\"column\">\n\t\t\t<div class=\"elementor-column-wrap elementor-element-populated\">\n\t\t\t\t\t\t\t<div class=\"elementor-widget-wrap\">\n\t\t\t\t\t\t<div class=\"elementor-element elementor-element-e6430a4 elementor-widget-divider--view-line_text elementor-widget-divider--element-align-center elementor-widget elementor-widget-divider\" data-id=\"e6430a4\" data-element_type=\"widget\" data-widget_type=\"divider.default\">\n\t\t\t\t<div class=\"elementor-widget-container\">\n\t\t\t\t\t<div class=\"elementor-divider\">\n\t\t\t<span class=\"elementor-divider-separator\">\n\t\t\t\t\t\t\t<span class=\"elementor-divider__text elementor-divider__element\">NOSOTROS\u200b<\/span>\n\t\t\t\t\t\t<\/span>\n\t\t<\/div>\n\t\t\t\t<\/div>\n\t\t\t\t<\/div>\n\t\t\t\t<div class=\"elementor-element elementor-element-17c7b064 elementor-widget elementor-widget-heading\" data-id=\"17c7b064\" data-element_type=\"widget\" data-widget_type=\"heading.default\">\n\t\t\t\t<div class=\"elementor-widget-container\">\n\t\t\t<h2 class=\"elementor-heading-title elementor-size-default\">Electrificaciones y Carga p-h<\/h2>\t\t<\/div>\n\t\t\t\t<\/div>\n\t\t\t\t<div class=\"elementor-element elementor-element-3661c580 elementor-widget elementor-widget-text-editor\" data-id=\"3661c580\" data-element_type=\"widget\" data-widget_type=\"text-editor.default\">\n\t\t\t\t<div class=\"elementor-widget-container\">\n\t\t\t\t\t<div class=\"elementor-text-editor elementor-clearfix\"><p>Somos una empresa 100% mexicana, con m\u00e1s de 20 a\u00f1os de experiencia. Dedicada a la comercializaci\u00f3n de componentes para gr\u00faas viajeras y equipos de elevaci\u00f3n. Proporcionamos servicios de mantenimiento industrial y particular, satisfacemos las necesidades m\u00e1s exigentes de nuestros clientes con los m\u00e1s altos est\u00e1ndares de calidad en todos nuestros productos y servicios.<\/p><\/div>\n\t\t\t\t<\/div>\n\t\t\t\t<\/div>\n\t\t\t\t<div class=\"elementor-element elementor-element-e0aa744 elementor-widget elementor-widget-heading\" data-id=\"e0aa744\" data-element_type=\"widget\" data-widget_type=\"heading.default\">\n\t\t\t\t<div class=\"elementor-widget-container\">\n\t\t\t<h2 class=\"elementor-heading-title elementor-size-default\">VISI\u00d3N<\/h2>\t\t<\/div>\n\t\t\t\t<\/div>\n\t\t\t\t<div class=\"elementor-element elementor-element-ffecc31 elementor-widget elementor-widget-text-editor\" data-id=\"ffecc31\" data-element_type=\"widget\" data-widget_type=\"text-editor.default\">\n\t\t\t\t<div class=\"elementor-widget-container\">\n\t\t\t\t\t<div class=\"elementor-text-editor elementor-clearfix\"><p>Ser una empresa l\u00edder en el ramo industrial mediante alimentaciones el\u00e9ctricas para polipastos y gr\u00faas viajeras; adem\u00e1s de ser el principal proveedor de componentes y de los servicios relacionados con las gr\u00faas viajeras.<\/p><\/div>\n\t\t\t\t<\/div>\n\t\t\t\t<\/div>\n\t\t\t\t<div class=\"elementor-element elementor-element-a001729 elementor-widget elementor-widget-image\" data-id=\"a001729\" data-element_type=\"widget\" data-widget_type=\"image.default\">\n\t\t\t\t<div class=\"elementor-widget-container\">\n\t\t\t\t\t<div class=\"elementor-image\">\n\t\t\t\t\t\t\t\t\t\t<img loading=\"lazy\" decoding=\"async\" width=\"960\" height=\"1280\" src=\"https:\/\/ecp-h.com\/wp-content\/uploads\/2020\/09\/WhatsApp-Image-2019-11-03-at-11.57.16-1.jpeg\" class=\"attachment-full size-full\" alt=\"alt=&quot; &quot;\" srcset=\"https:\/\/ecp-h.com\/wp-content\/uploads\/2020\/09\/WhatsApp-Image-2019-11-03-at-11.57.16-1.jpeg 960w, https:\/\/ecp-h.com\/wp-content\/uploads\/2020\/09\/WhatsApp-Image-2019-11-03-at-11.57.16-1-225x300.jpeg 225w, https:\/\/ecp-h.com\/wp-content\/uploads\/2020\/09\/WhatsApp-Image-2019-11-03-at-11.57.16-1-768x1024.jpeg 768w\" sizes=\"(max-width: 960px) 100vw, 960px\" data-attachment-id=\"186\" data-permalink=\"https:\/\/ecp-h.com\/whatsapp-image-2019-11-03-at-11-57-16-1\/\" data-orig-file=\"https:\/\/ecp-h.com\/wp-content\/uploads\/2020\/09\/WhatsApp-Image-2019-11-03-at-11.57.16-1.jpeg\" data-orig-size=\"960,1280\" data-comments-opened=\"1\" data-image-meta=\"{&quot;aperture&quot;:&quot;0&quot;,&quot;credit&quot;:&quot;&quot;,&quot;camera&quot;:&quot;&quot;,&quot;caption&quot;:&quot;&quot;,&quot;created_timestamp&quot;:&quot;0&quot;,&quot;copyright&quot;:&quot;&quot;,&quot;focal_length&quot;:&quot;0&quot;,&quot;iso&quot;:&quot;0&quot;,&quot;shutter_speed&quot;:&quot;0&quot;,&quot;title&quot;:&quot;&quot;,&quot;orientation&quot;:&quot;0&quot;}\" data-image-title=\"PolipastoDemag\" data-image-description=\"\" data-image-caption=\"\" data-medium-file=\"https:\/\/ecp-h.com\/wp-content\/uploads\/2020\/09\/WhatsApp-Image-2019-11-03-at-11.57.16-1-225x300.jpeg\" data-large-file=\"https:\/\/ecp-h.com\/wp-content\/uploads\/2020\/09\/WhatsApp-Image-2019-11-03-at-11.57.16-1-768x1024.jpeg\" \/>\t\t\t\t\t\t\t\t\t\t\t<\/div>\n\t\t\t\t<\/div>\n\t\t\t\t<\/div>\n\t\t\t\t<div class=\"elementor-element elementor-element-ff9abeb elementor-widget elementor-widget-heading\" data-id=\"ff9abeb\" data-element_type=\"widget\" data-widget_type=\"heading.default\">\n\t\t\t\t<div class=\"elementor-widget-container\">\n\t\t\t<h2 class=\"elementor-heading-title elementor-size-default\">MISI\u00d3N<\/h2>\t\t<\/div>\n\t\t\t\t<\/div>\n\t\t\t\t<div class=\"elementor-element elementor-element-639c788 elementor-widget elementor-widget-text-editor\" data-id=\"639c788\" data-element_type=\"widget\" data-widget_type=\"text-editor.default\">\n\t\t\t\t<div class=\"elementor-widget-container\">\n\t\t\t\t\t<div class=\"elementor-text-editor elementor-clearfix\"><p>Otorgar soluciones de carga a nuestros clientes, desarrollando y compartiendo el conocimiento mediante el servicio y asesor\u00eda t\u00e9cnica, as\u00ed como brindar servicios y productos de calidad a la industria.<\/p><\/div>\n\t\t\t\t<\/div>\n\t\t\t\t<\/div>\n\t\t\t\t<div class=\"elementor-element elementor-element-7a2c4ac elementor-widget elementor-widget-image\" data-id=\"7a2c4ac\" data-element_type=\"widget\" data-widget_type=\"image.default\">\n\t\t\t\t<div class=\"elementor-widget-container\">\n\t\t\t\t\t<div class=\"elementor-image\">\n\t\t\t\t\t\t\t\t\t\t<img loading=\"lazy\" decoding=\"async\" width=\"584\" height=\"774\" src=\"https:\/\/ecp-h.com\/wp-content\/uploads\/2020\/09\/WhatsApp-Image-2019-11-03-at-11.57.16-e1627682416397.jpeg\" class=\"attachment-full size-full\" alt=\"alt=&quot; &quot;\" srcset=\"https:\/\/ecp-h.com\/wp-content\/uploads\/2020\/09\/WhatsApp-Image-2019-11-03-at-11.57.16-e1627682416397.jpeg 584w, https:\/\/ecp-h.com\/wp-content\/uploads\/2020\/09\/WhatsApp-Image-2019-11-03-at-11.57.16-e1627682416397-226x300.jpeg 226w\" sizes=\"(max-width: 584px) 100vw, 584px\" data-attachment-id=\"187\" data-permalink=\"https:\/\/ecp-h.com\/whatsapp-image-2019-11-03-at-11-57-16\/\" data-orig-file=\"https:\/\/ecp-h.com\/wp-content\/uploads\/2020\/09\/WhatsApp-Image-2019-11-03-at-11.57.16-e1627682416397.jpeg\" data-orig-size=\"584,774\" data-comments-opened=\"1\" data-image-meta=\"{&quot;aperture&quot;:&quot;0&quot;,&quot;credit&quot;:&quot;&quot;,&quot;camera&quot;:&quot;&quot;,&quot;caption&quot;:&quot;&quot;,&quot;created_timestamp&quot;:&quot;0&quot;,&quot;copyright&quot;:&quot;&quot;,&quot;focal_length&quot;:&quot;0&quot;,&quot;iso&quot;:&quot;0&quot;,&quot;shutter_speed&quot;:&quot;0&quot;,&quot;title&quot;:&quot;&quot;,&quot;orientation&quot;:&quot;0&quot;}\" data-image-title=\"BroncolinECPH\" data-image-description=\"\" data-image-caption=\"\" data-medium-file=\"https:\/\/ecp-h.com\/wp-content\/uploads\/2020\/09\/WhatsApp-Image-2019-11-03-at-11.57.16-e1627682416397-226x300.jpeg\" data-large-file=\"https:\/\/ecp-h.com\/wp-content\/uploads\/2020\/09\/WhatsApp-Image-2019-11-03-at-11.57.16-575x1024.jpeg\" \/>\t\t\t\t\t\t\t\t\t\t\t<\/div>\n\t\t\t\t<\/div>\n\t\t\t\t<\/div>\n\t\t\t\t\t\t<\/div>\n\t\t\t\t\t<\/div>\n\t\t<\/div>\n\t\t\t\t\t\t\t\t<\/div>\n\t\t\t\t\t<\/div>\n\t\t<\/section>\n\t\t\t\t\t\t<\/div>\n\t\t\t\t\t<\/div>\n\t\t<\/div>\n\t\t\t\t\t\t\t\t<\/div>\n\t\t\t\t\t<\/div>\n\t\t<\/section>\n\t\t\t\t<section class=\"elementor-section elementor-top-section elementor-element elementor-element-30bc2308 elementor-section-full_width elementor-section-height-default elementor-section-height-default\" data-id=\"30bc2308\" data-element_type=\"section\" data-settings=\"{&quot;background_background&quot;:&quot;classic&quot;}\">\n\t\t\t\t\t\t<div class=\"elementor-container elementor-column-gap-no\">\n\t\t\t\t\t\t\t<div class=\"elementor-row\">\n\t\t\t\t\t<div class=\"elementor-column elementor-col-100 elementor-top-column elementor-element elementor-element-59cac43a\" data-id=\"59cac43a\" data-element_type=\"column\">\n\t\t\t<div class=\"elementor-column-wrap elementor-element-populated\">\n\t\t\t\t\t\t\t<div class=\"elementor-widget-wrap\">\n\t\t\t\t\t\t<div class=\"elementor-element elementor-element-4736f3bf elementor-widget elementor-widget-google_maps\" data-id=\"4736f3bf\" data-element_type=\"widget\" data-widget_type=\"google_maps.default\">\n\t\t\t\t<div class=\"elementor-widget-container\">\n\t\t\t<div class=\"elementor-custom-embed\"><iframe frameborder=\"0\" scrolling=\"no\" marginheight=\"0\" marginwidth=\"0\" src=\"https:\/\/maps.google.com\/maps?q=Manuel%20Ca%C3%B1as%2086%2C%20Sta%20Cruz%20Meyehualco%2C%20Iztapalapa%2C%2009700%20Ciudad%20de%20M%C3%A9xico%2C%20CDMX&amp;t=m&amp;z=15&amp;output=embed&amp;iwloc=near\" title=\"Manuel Ca\u00f1as 86, Sta Cruz Meyehualco, Iztapalapa, 09700 Ciudad de M\u00e9xico, CDMX\" aria-label=\"Manuel Ca\u00f1as 86, Sta Cruz Meyehualco, Iztapalapa, 09700 Ciudad de M\u00e9xico, CDMX\"><\/iframe><\/div>\t\t<\/div>\n\t\t\t\t<\/div>\n\t\t\t\t<section class=\"elementor-section elementor-inner-section elementor-element elementor-element-35c42106 elementor-section-content-middle elementor-section-boxed elementor-section-height-default elementor-section-height-default\" data-id=\"35c42106\" data-element_type=\"section\">\n\t\t\t\t\t\t<div class=\"elementor-container elementor-column-gap-no\">\n\t\t\t\t\t\t\t<div class=\"elementor-row\">\n\t\t\t\t\t<div class=\"elementor-column elementor-col-33 elementor-inner-column elementor-element elementor-element-74ee4dec\" data-id=\"74ee4dec\" data-element_type=\"column\">\n\t\t\t<div class=\"elementor-column-wrap elementor-element-populated\">\n\t\t\t\t\t\t\t<div class=\"elementor-widget-wrap\">\n\t\t\t\t\t\t<div class=\"elementor-element elementor-element-2c9989ee elementor-widget elementor-widget-heading\" data-id=\"2c9989ee\" data-element_type=\"widget\" data-widget_type=\"heading.default\">\n\t\t\t\t<div class=\"elementor-widget-container\">\n\t\t\t<h6 class=\"elementor-heading-title elementor-size-default\">Ubicaci\u00f3n<\/h6>\t\t<\/div>\n\t\t\t\t<\/div>\n\t\t\t\t<div class=\"elementor-element elementor-element-4f257d4e elementor-widget elementor-widget-text-editor\" data-id=\"4f257d4e\" data-element_type=\"widget\" data-widget_type=\"text-editor.default\">\n\t\t\t\t<div class=\"elementor-widget-container\">\n\t\t\t\t\t<div class=\"elementor-text-editor elementor-clearfix\"><p>Manuel Ca\u00f1as 80, Pueblo Santa Cruz Meyehualco 09700, CDMX<\/p><\/div>\n\t\t\t\t<\/div>\n\t\t\t\t<\/div>\n\t\t\t\t\t\t<\/div>\n\t\t\t\t\t<\/div>\n\t\t<\/div>\n\t\t\t\t<div class=\"elementor-column elementor-col-33 elementor-inner-column elementor-element elementor-element-2b5bab10\" data-id=\"2b5bab10\" data-element_type=\"column\">\n\t\t\t<div class=\"elementor-column-wrap elementor-element-populated\">\n\t\t\t\t\t\t\t<div class=\"elementor-widget-wrap\">\n\t\t\t\t\t\t<div class=\"elementor-element elementor-element-668d2a03 elementor-widget elementor-widget-heading\" data-id=\"668d2a03\" data-element_type=\"widget\" data-widget_type=\"heading.default\">\n\t\t\t\t<div class=\"elementor-widget-container\">\n\t\t\t<h6 class=\"elementor-heading-title elementor-size-default\">Horario<\/h6>\t\t<\/div>\n\t\t\t\t<\/div>\n\t\t\t\t<div class=\"elementor-element elementor-element-506f86f6 elementor-widget elementor-widget-text-editor\" data-id=\"506f86f6\" data-element_type=\"widget\" data-widget_type=\"text-editor.default\">\n\t\t\t\t<div class=\"elementor-widget-container\">\n\t\t\t\t\t<div class=\"elementor-text-editor elementor-clearfix\"><p>8:30 &#8211; 18.30\u00a0<br \/>Lunes-Viernes<\/p><\/div>\n\t\t\t\t<\/div>\n\t\t\t\t<\/div>\n\t\t\t\t\t\t<\/div>\n\t\t\t\t\t<\/div>\n\t\t<\/div>\n\t\t\t\t<div class=\"elementor-column elementor-col-33 elementor-inner-column elementor-element elementor-element-257acb68\" data-id=\"257acb68\" data-element_type=\"column\">\n\t\t\t<div class=\"elementor-column-wrap elementor-element-populated\">\n\t\t\t\t\t\t\t<div class=\"elementor-widget-wrap\">\n\t\t\t\t\t\t<div class=\"elementor-element elementor-element-7d15c54b elementor-widget elementor-widget-heading\" data-id=\"7d15c54b\" data-element_type=\"widget\" data-widget_type=\"heading.default\">\n\t\t\t\t<div class=\"elementor-widget-container\">\n\t\t\t<h6 class=\"elementor-heading-title elementor-size-default\">Cont\u00e1ctanos<\/h6>\t\t<\/div>\n\t\t\t\t<\/div>\n\t\t\t\t<div class=\"elementor-element elementor-element-3e6ea12b elementor-widget elementor-widget-text-editor\" data-id=\"3e6ea12b\" data-element_type=\"widget\" data-widget_type=\"text-editor.default\">\n\t\t\t\t<div class=\"elementor-widget-container\">\n\t\t\t\t\t<div class=\"elementor-text-editor elementor-clearfix\"><p>Tel\u00e9fono: +52 4433990478<br \/>Email: jlpo@att.net.mx<\/p><\/div>\n\t\t\t\t<\/div>\n\t\t\t\t<\/div>\n\t\t\t\t\t\t<\/div>\n\t\t\t\t\t<\/div>\n\t\t<\/div>\n\t\t\t\t\t\t\t\t<\/div>\n\t\t\t\t\t<\/div>\n\t\t<\/section>\n\t\t\t\t<div class=\"elementor-element elementor-element-15d01c7c elementor-shape-rounded elementor-grid-0 elementor-widget elementor-widget-social-icons\" data-id=\"15d01c7c\" data-element_type=\"widget\" data-widget_type=\"social-icons.default\">\n\t\t\t\t<div class=\"elementor-widget-container\">\n\t\t\t\t\t<div class=\"elementor-social-icons-wrapper elementor-grid\">\n\t\t\t\t\t\t\t<div class=\"elementor-grid-item\">\n\t\t\t\t\t<a class=\"elementor-icon elementor-social-icon elementor-social-icon-facebook-f elementor-animation-grow elementor-repeater-item-9c86cde\" href=\"https:\/\/www.facebook.com\/Gr%C3%BAas-Viajeras-y-Polipastos-Electrificaciones-y-Carga-P-H-SA-de-CV-108443294224346\" target=\"_blank\">\n\t\t\t\t\t\t<span class=\"elementor-screen-only\">Facebook-f<\/span>\n\t\t\t\t\t\t<i class=\"fab fa-facebook-f\"><\/i>\t\t\t\t\t<\/a>\n\t\t\t\t<\/div>\n\t\t\t\t\t\t\t<div class=\"elementor-grid-item\">\n\t\t\t\t\t<a class=\"elementor-icon elementor-social-icon elementor-social-icon-linkedin elementor-animation-grow elementor-repeater-item-7e7b030\" href=\"https:\/\/www.linkedin.com\/in\/electrificaciones-y-carga-p-h-s-a-de-c-v-97b28b133\" target=\"_blank\">\n\t\t\t\t\t\t<span class=\"elementor-screen-only\">Linkedin<\/span>\n\t\t\t\t\t\t<i class=\"fab fa-linkedin\"><\/i>\t\t\t\t\t<\/a>\n\t\t\t\t<\/div>\n\t\t\t\t\t<\/div>\n\t\t\t\t<\/div>\n\t\t\t\t<\/div>\n\t\t\t\t\t\t<\/div>\n\t\t\t\t\t<\/div>\n\t\t<\/div>\n\t\t\t\t\t\t\t\t<\/div>\n\t\t\t\t\t<\/div>\n\t\t<\/section>\n\t\t\t\t\t\t<\/div>\n\t\t\t\t\t\t<\/div>\n\t\t\t\t\t<\/div>\n\t\t","protected":false},"excerpt":{"rendered":"<p>NOSOTROS\u200b Electrificaciones y Carga p-h Somos una empresa 100% mexicana, con m\u00e1s de 20 a\u00f1os de experiencia. Dedicada a la comercializaci\u00f3n de componentes para gr\u00faas viajeras y equipos de elevaci\u00f3n. Proporcionamos servicios de mantenimiento industrial y particular, satisfacemos las necesidades m\u00e1s exigentes de nuestros clientes con los m\u00e1s altos est\u00e1ndares de calidad en todos nuestros &hellip;<\/p>\n<p class=\"read-more\"> <a class=\"\" href=\"https:\/\/ecp-h.com\/index.php\/nosotros\/\"> <span class=\"screen-reader-text\">Nosotros<\/span> Leer m\u00e1s &raquo;<\/a><\/p>\n","protected":false},"author":1,"featured_media":0,"parent":0,"menu_order":0,"comment_status":"closed","ping_status":"closed","template":"","meta":{"om_disable_all_campaigns":false,"_monsterinsights_skip_tracking":false,"_monsterinsights_sitenote_active":false,"_monsterinsights_sitenote_note":"","_monsterinsights_sitenote_category":0,"footnotes":""},"class_list":["post-159","page","type-page","status-publish","hentry"],"aioseo_notices":[],"yoast_head":"<!-- This site is optimized with the Yoast SEO plugin v17.3 - https:\/\/yoast.com\/wordpress\/plugins\/seo\/ -->\n<title>Nosotros - Electrificaciones y Carga P-H, S.A. de C.V.<\/title>\n<meta name=\"robots\" content=\"index, follow, max-snippet:-1, max-image-preview:large, max-video-preview:-1\" \/>\n<link rel=\"canonical\" href=\"https:\/\/ecp-h.com\/index.php\/nosotros\/\" \/>\n<meta property=\"og:locale\" content=\"es_MX\" \/>\n<meta property=\"og:type\" content=\"article\" \/>\n<meta property=\"og:title\" content=\"Nosotros - Electrificaciones y Carga P-H, S.A. de C.V.\" \/>\n<meta property=\"og:description\" content=\"NOSOTROS\u200b Electrificaciones y Carga p-h Somos una empresa 100% mexicana, con m\u00e1s de 20 a\u00f1os de experiencia. Dedicada a la comercializaci\u00f3n de componentes para gr\u00faas viajeras y equipos de elevaci\u00f3n. Proporcionamos servicios de mantenimiento industrial y particular, satisfacemos las necesidades m\u00e1s exigentes de nuestros clientes con los m\u00e1s altos est\u00e1ndares de calidad en todos nuestros &hellip; Nosotros Leer m\u00e1s &raquo;\" \/>\n<meta property=\"og:url\" content=\"https:\/\/ecp-h.com\/index.php\/nosotros\/\" \/>\n<meta property=\"og:site_name\" content=\"Electrificaciones y Carga P-H, S.A. de C.V.\" \/>\n<meta property=\"article:publisher\" content=\"https:\/\/www.facebook.com\/Gr%c3%baas-Viajeras-y-Polipastos-Electrificaciones-y-Carga-P-H-SA-de-CV-108443294224346\" \/>\n<meta property=\"article:modified_time\" content=\"2021-07-30T23:41:19+00:00\" \/>\n<meta property=\"og:image\" content=\"https:\/\/ecp-h.com\/wp-content\/uploads\/2020\/09\/WhatsApp-Image-2019-11-03-at-11.57.16-1.jpeg\" \/>\n<meta name=\"twitter:card\" content=\"summary_large_image\" \/>\n<meta name=\"twitter:label1\" content=\"Tiempo de lectura\" \/>\n\t<meta name=\"twitter:data1\" content=\"2 minutos\" \/>\n<script type=\"application\/ld+json\" class=\"yoast-schema-graph\">{\"@context\":\"https:\/\/schema.org\",\"@graph\":[{\"@type\":\"Organization\",\"@id\":\"https:\/\/ecp-h.com\/#organization\",\"name\":\"Electrificaciones y Carga P-H, S.A. de C.V.\",\"url\":\"https:\/\/ecp-h.com\/\",\"sameAs\":[\"https:\/\/www.facebook.com\/Gr\\u00faas-Viajeras-y-Polipastos-Electrificaciones-y-Carga-P-H-SA-de-CV-108443294224346\",\"https:\/\/www.linkedin.com\/in\/electrificaciones-y-carga-p-h-s-a-de-c-v-97b28b133\"],\"logo\":{\"@type\":\"ImageObject\",\"@id\":\"https:\/\/ecp-h.com\/#logo\",\"inLanguage\":\"es\",\"url\":\"https:\/\/ecp-h.com\/wp-content\/uploads\/2020\/09\/vertical_y_base_prueba1.jpg\",\"contentUrl\":\"https:\/\/ecp-h.com\/wp-content\/uploads\/2020\/09\/vertical_y_base_prueba1.jpg\",\"width\":396,\"height\":396,\"caption\":\"Electrificaciones y Carga P-H, S.A. de C.V.\"},\"image\":{\"@id\":\"https:\/\/ecp-h.com\/#logo\"}},{\"@type\":\"WebSite\",\"@id\":\"https:\/\/ecp-h.com\/#website\",\"url\":\"https:\/\/ecp-h.com\/\",\"name\":\"Electrificaciones y Carga P-H, S.A. de C.V.\",\"description\":\"Gr\\u00faas VIajeras y Polipastos\",\"publisher\":{\"@id\":\"https:\/\/ecp-h.com\/#organization\"},\"potentialAction\":[{\"@type\":\"SearchAction\",\"target\":{\"@type\":\"EntryPoint\",\"urlTemplate\":\"https:\/\/ecp-h.com\/?s={search_term_string}\"},\"query-input\":\"required name=search_term_string\"}],\"inLanguage\":\"es\"},{\"@type\":\"ImageObject\",\"@id\":\"https:\/\/ecp-h.com\/index.php\/nosotros\/#primaryimage\",\"inLanguage\":\"es\",\"url\":\"https:\/\/ecp-h.com\/wp-content\/uploads\/2020\/09\/WhatsApp-Image-2019-11-03-at-11.57.16-1.jpeg\",\"contentUrl\":\"https:\/\/ecp-h.com\/wp-content\/uploads\/2020\/09\/WhatsApp-Image-2019-11-03-at-11.57.16-1.jpeg\",\"width\":960,\"height\":1280,\"caption\":\"alt=\\\" \\\"\"},{\"@type\":\"WebPage\",\"@id\":\"https:\/\/ecp-h.com\/index.php\/nosotros\/#webpage\",\"url\":\"https:\/\/ecp-h.com\/index.php\/nosotros\/\",\"name\":\"Nosotros - Electrificaciones y Carga P-H, S.A. de C.V.\",\"isPartOf\":{\"@id\":\"https:\/\/ecp-h.com\/#website\"},\"primaryImageOfPage\":{\"@id\":\"https:\/\/ecp-h.com\/index.php\/nosotros\/#primaryimage\"},\"datePublished\":\"2020-09-17T19:09:27+00:00\",\"dateModified\":\"2021-07-30T23:41:19+00:00\",\"breadcrumb\":{\"@id\":\"https:\/\/ecp-h.com\/index.php\/nosotros\/#breadcrumb\"},\"inLanguage\":\"es\",\"potentialAction\":[{\"@type\":\"ReadAction\",\"target\":[\"https:\/\/ecp-h.com\/index.php\/nosotros\/\"]}]},{\"@type\":\"BreadcrumbList\",\"@id\":\"https:\/\/ecp-h.com\/index.php\/nosotros\/#breadcrumb\",\"itemListElement\":[{\"@type\":\"ListItem\",\"position\":1,\"name\":\"Inicio\",\"item\":\"https:\/\/ecp-h.com\/\"},{\"@type\":\"ListItem\",\"position\":2,\"name\":\"Nosotros\"}]}]}<\/script>\n<!-- \/ Yoast SEO plugin. -->","yoast_head_json":{"title":"Nosotros - Electrificaciones y Carga P-H, S.A. de C.V.","robots":{"index":"index","follow":"follow","max-snippet":"max-snippet:-1","max-image-preview":"max-image-preview:large","max-video-preview":"max-video-preview:-1"},"canonical":"https:\/\/ecp-h.com\/index.php\/nosotros\/","og_locale":"es_MX","og_type":"article","og_title":"Nosotros - Electrificaciones y Carga P-H, S.A. de C.V.","og_description":"NOSOTROS\u200b Electrificaciones y Carga p-h Somos una empresa 100% mexicana, con m\u00e1s de 20 a\u00f1os de experiencia. Dedicada a la comercializaci\u00f3n de componentes para gr\u00faas viajeras y equipos de elevaci\u00f3n. Proporcionamos servicios de mantenimiento industrial y particular, satisfacemos las necesidades m\u00e1s exigentes de nuestros clientes con los m\u00e1s altos est\u00e1ndares de calidad en todos nuestros &hellip; Nosotros Leer m\u00e1s &raquo;","og_url":"https:\/\/ecp-h.com\/index.php\/nosotros\/","og_site_name":"Electrificaciones y Carga P-H, S.A. de C.V.","article_publisher":"https:\/\/www.facebook.com\/Gr%c3%baas-Viajeras-y-Polipastos-Electrificaciones-y-Carga-P-H-SA-de-CV-108443294224346","article_modified_time":"2021-07-30T23:41:19+00:00","og_image":[{"url":"https:\/\/ecp-h.com\/wp-content\/uploads\/2020\/09\/WhatsApp-Image-2019-11-03-at-11.57.16-1.jpeg"}],"twitter_card":"summary_large_image","twitter_misc":{"Tiempo de lectura":"2 minutos"},"schema":{"@context":"https:\/\/schema.org","@graph":[{"@type":"Organization","@id":"https:\/\/ecp-h.com\/#organization","name":"Electrificaciones y Carga P-H, S.A. de C.V.","url":"https:\/\/ecp-h.com\/","sameAs":["https:\/\/www.facebook.com\/Gr\u00faas-Viajeras-y-Polipastos-Electrificaciones-y-Carga-P-H-SA-de-CV-108443294224346","https:\/\/www.linkedin.com\/in\/electrificaciones-y-carga-p-h-s-a-de-c-v-97b28b133"],"logo":{"@type":"ImageObject","@id":"https:\/\/ecp-h.com\/#logo","inLanguage":"es","url":"https:\/\/ecp-h.com\/wp-content\/uploads\/2020\/09\/vertical_y_base_prueba1.jpg","contentUrl":"https:\/\/ecp-h.com\/wp-content\/uploads\/2020\/09\/vertical_y_base_prueba1.jpg","width":396,"height":396,"caption":"Electrificaciones y Carga P-H, S.A. de C.V."},"image":{"@id":"https:\/\/ecp-h.com\/#logo"}},{"@type":"WebSite","@id":"https:\/\/ecp-h.com\/#website","url":"https:\/\/ecp-h.com\/","name":"Electrificaciones y Carga P-H, S.A. de C.V.","description":"Gr\u00faas VIajeras y Polipastos","publisher":{"@id":"https:\/\/ecp-h.com\/#organization"},"potentialAction":[{"@type":"SearchAction","target":{"@type":"EntryPoint","urlTemplate":"https:\/\/ecp-h.com\/?s={search_term_string}"},"query-input":"required name=search_term_string"}],"inLanguage":"es"},{"@type":"ImageObject","@id":"https:\/\/ecp-h.com\/index.php\/nosotros\/#primaryimage","inLanguage":"es","url":"https:\/\/ecp-h.com\/wp-content\/uploads\/2020\/09\/WhatsApp-Image-2019-11-03-at-11.57.16-1.jpeg","contentUrl":"https:\/\/ecp-h.com\/wp-content\/uploads\/2020\/09\/WhatsApp-Image-2019-11-03-at-11.57.16-1.jpeg","width":960,"height":1280,"caption":"alt=\" \""},{"@type":"WebPage","@id":"https:\/\/ecp-h.com\/index.php\/nosotros\/#webpage","url":"https:\/\/ecp-h.com\/index.php\/nosotros\/","name":"Nosotros - Electrificaciones y Carga P-H, S.A. de C.V.","isPartOf":{"@id":"https:\/\/ecp-h.com\/#website"},"primaryImageOfPage":{"@id":"https:\/\/ecp-h.com\/index.php\/nosotros\/#primaryimage"},"datePublished":"2020-09-17T19:09:27+00:00","dateModified":"2021-07-30T23:41:19+00:00","breadcrumb":{"@id":"https:\/\/ecp-h.com\/index.php\/nosotros\/#breadcrumb"},"inLanguage":"es","potentialAction":[{"@type":"ReadAction","target":["https:\/\/ecp-h.com\/index.php\/nosotros\/"]}]},{"@type":"BreadcrumbList","@id":"https:\/\/ecp-h.com\/index.php\/nosotros\/#breadcrumb","itemListElement":[{"@type":"ListItem","position":1,"name":"Inicio","item":"https:\/\/ecp-h.com\/"},{"@type":"ListItem","position":2,"name":"Nosotros"}]}]}},"jetpack-related-posts":[],"jetpack_shortlink":"https:\/\/wp.me\/PcpRnm-2z","jetpack_sharing_enabled":true,"_links":{"self":[{"href":"https:\/\/ecp-h.com\/index.php\/wp-json\/wp\/v2\/pages\/159"}],"collection":[{"href":"https:\/\/ecp-h.com\/index.php\/wp-json\/wp\/v2\/pages"}],"about":[{"href":"https:\/\/ecp-h.com\/index.php\/wp-json\/wp\/v2\/types\/page"}],"author":[{"embeddable":true,"href":"https:\/\/ecp-h.com\/index.php\/wp-json\/wp\/v2\/users\/1"}],"replies":[{"embeddable":true,"href":"https:\/\/ecp-h.com\/index.php\/wp-json\/wp\/v2\/comments?post=159"}],"version-history":[{"count":41,"href":"https:\/\/ecp-h.com\/index.php\/wp-json\/wp\/v2\/pages\/159\/revisions"}],"predecessor-version":[{"id":1262,"href":"https:\/\/ecp-h.com\/index.php\/wp-json\/wp\/v2\/pages\/159\/revisions\/1262"}],"wp:attachment":[{"href":"https:\/\/ecp-h.com\/index.php\/wp-json\/wp\/v2\/media?parent=159"}],"curies":[{"name":"wp","href":"https:\/\/api.w.org\/{rel}","templated":true}]}}